{"id":41248,"date":"2024-02-27T10:01:58","date_gmt":"2024-02-27T09:01:58","guid":{"rendered":"https:\/\/www.civiluavsinitiative.com\/?page_id=41248"},"modified":"2024-02-28T09:33:46","modified_gmt":"2024-02-28T08:33:46","slug":"po-feder-galicia-2014-2020","status":"publish","type":"page","link":"https:\/\/www.civiluavsinitiative.com\/gl\/po-feder-galicia-2014-2020\/","title":{"rendered":"PO FEDER Galicia 2014-2020"},"content":{"rendered":"<p>[et_pb_section fb_built=&#8221;1&#8243; admin_label=&#8221;Secci\u00f3n&#8221; _builder_version=&#8221;4.19.4&#8243; _module_preset=&#8221;default&#8221; custom_padding=&#8221;2px|||||&#8221; global_colors_info=&#8221;{}&#8221;][et_pb_row _builder_version=&#8221;4.19.4&#8243; _module_preset=&#8221;default&#8221; global_colors_info=&#8221;{}&#8221;][et_pb_column type=&#8221;4_4&#8243; _builder_version=&#8221;4.19.4&#8243; _module_preset=&#8221;default&#8221; global_colors_info=&#8221;{}&#8221;][et_pb_text admin_label=&#8221;Texto&#8221; _builder_version=&#8221;4.19.4&#8243; _module_preset=&#8221;default&#8221; global_colors_info=&#8221;{}&#8221;]<\/p>\n<h1>PO FEDER Galicia 2014-2020<\/h1>\n<p>[\/et_pb_text][et_pb_text admin_label=&#8221;Texto&#8221; _builder_version=&#8221;4.19.4&#8243; _module_preset=&#8221;default&#8221; hover_enabled=&#8221;0&#8243; global_colors_info=&#8221;{}&#8221; sticky_enabled=&#8221;0&#8243;]<\/p>\n<p><strong>Fondo Europeo de Desenvolvemento Rexional<\/strong>, PO FEDER Galicia 2014-2020.<br \/><em>Unha maneira de facer Europa.<\/em><\/p>\n<p><strong>Eixo Prioritario\/Obxectivo Tem\u00e1tico 13<\/strong>. Favorecer a reparaci\u00f3n da crise no contexto da pandemia de COVID-19 e as s\u00faas consecuencias sociais e preparar unha recuperaci\u00f3n verde, dixital e resiliente da Econom\u00eda.<\/p>\n<p><strong>Obxectivo Espec\u00edfico 20.1.2.<\/strong> Apoio \u00e1s inversi\u00f3ns que contrib\u00faan \u00e1 transici\u00f3n cara a unha econom\u00eda dixital<\/p>\n<p><strong>Actuaci\u00f3n:<\/strong> Medidas de impulso da innovaci\u00f3n no sector aeroespacial mediante a demanda de dixitalizaci\u00f3n da Administraci\u00f3n P\u00fablica e a creaci\u00f3n de soluci\u00f3ns innovadoras baseadas en sistemas e veh\u00edculos UAVs<\/p>\n<p><strong>Desenvolvemento de Novas Soluci\u00f3ns (I+D+i) 21-22 para a dixitalizaci\u00f3n de servizos da Xunta mediante o uso de UAVs. <\/strong><\/p>\n<p><strong>Obxecto da operaci\u00f3n:<\/strong> A actuaci\u00f3n ten como finalidade impulsar o desenvolvemento e a adquisici\u00f3n de soluci\u00f3ns innovadoras para a mellora dos servizos p\u00fablicos de emerxencias e de xesti\u00f3n dos recursos mari\u00f1os da Xunta, baseadas en UAVs, que incl\u00fae a fase de creaci\u00f3n das soluci\u00f3ns.<\/p>\n<p>Os servizos inclu\u00eddos son:<\/p>\n<p><strong>Soluci\u00f3ns_Lote 1. Atenci\u00f3n sanitaria urxente:<\/strong> Servizo de investigaci\u00f3n e desenvolvemento e, no seu caso, a posta en servizo da soluci\u00f3n de transporte urxente de material sanitario para a atenci\u00f3n de urxencias sanitarias con sospeitas de parada cardio-respiratoria (PCR) e doutros casos que requiran atenci\u00f3n urxente no Cami\u00f1o de Santiago franc\u00e9s (necesidade principal) e no entorno rural adxacente ao Cami\u00f1o (necesidade complementaria). Do mesmo xeito, abarcar\u00e1 a funcionalidade de transporte de material sanitario entre dous puntos, como medio de demostraci\u00f3n desta capacidade en espazos rurais que poidan ter dificultades de acceso polas condiciones meteorol\u00f3xicas ou por outras eventualidades.<br \/><u>Adxudicatario<\/u>: Babcock Mission Critical Services Fleet Management, SAU (agora AVINCIS)<br \/><u>Importe<\/u>: 1.084.456,20 \u20ac (1.312.192,00 \u20ac IVE inclu\u00eddo)<br \/><u>Data de formalizaci\u00f3n do contrato<\/u>: 3 de marzo do 2023<br \/><u>Data de finalizaci\u00f3n do contrato<\/u>: 15 de decembro do 2023<\/p>\n<p>&nbsp;<\/p>\n<p><strong>Soluci\u00f3ns_Lote 2. Atenci\u00f3n de incendios:<\/strong> Servizo de investigaci\u00f3n e desenvolvemento e, no seu caso, a posta en servizo do sistema experto para o control de zonas forestais con risco de incendio para a prevenci\u00f3n de incendios forestais, o control de incendios forestais e o control de zonas forestais para medidas en restauraci\u00f3n post-incendio.<br \/><u>Adxudicatario<\/u>: Babcock Mission Critical Services Fleet Management, SAU (agora AVINCIS)<br \/><u>Importe<\/u>: 1.275.000,00 \u20ac (1.542.750,00 \u20ac IVE inclu\u00eddo)<br \/><u>Data de formalizaci\u00f3n do contrato<\/u>: 3 de marzo do 2023<br \/><u>Data de finalizaci\u00f3n do contrato<\/u>: 15 de decembro do 2023<\/p>\n<p>&nbsp;<\/p>\n<p><strong>Soluci\u00f3ns_Lote 3. Vixilancia pesqueira:<\/strong> Servizo de investigaci\u00f3n e desenvolvemento e, no seu caso, a posta en servizo do sistema experto para a xesti\u00f3n de inspecci\u00f3ns, xestionando de maneira integral o proceso de inspecci\u00f3n, desde a detecci\u00f3n da posible infracci\u00f3n mediante observaci\u00f3n manual ou autom\u00e1tica ata a xeraci\u00f3n da acta de inspecci\u00f3n con validez legal. Con este servizo darase resposta aos labores de vixilancia tanto das zonas pesqueiras como das zonas de produci\u00f3n de moluscos, as\u00ed como o control das condici\u00f3ns das instalaci\u00f3ns de cultivos mari\u00f1os na zona mar\u00edtima e mar\u00edtimo-terrestre.<br \/><u>Adxudicatario<\/u>: Babcock Mission Critical Services Fleet Management, SAU (agora AVINCIS)<br \/><u>Importe<\/u>: 1.195.000,00 \u20ac (1.445.950,00 \u20ac IVE inclu\u00eddo)<br \/><u>Data de formalizaci\u00f3n do contrato<\/u>: 3 de marzo do 2023<br \/><u>Data de finalizaci\u00f3n do contrato<\/u>: 15 de decembro do 2023<\/p>\n<p>&nbsp;<\/p>\n<p><strong>Soluci\u00f3ns_Lote 4. Localizaci\u00f3n persoas extraviadas<\/strong>: Servizo de investigaci\u00f3n e desenvolvemento e, no seu caso, a posta en servizo dun sistema que lle permita \u00e1 AXEGA actuar e localizar \u00e1s persoas extraviadas no menor tempo posible, mediante o uso de veh\u00edculos a\u00e9reos non tripulados.<br \/><u>Adxudicatario<\/u>: UTE Aeromedia UAV, SL \u2013 Indra Sistemas \u2013 Instituto Tecnol\u00f3xico de Galicia (ITG)<br \/><u>Importe<\/u>: 1.354.602,94 \u20ac (1.639.069,56 \u20ac IVE inclu\u00eddo)<br \/><u>Data de formalizaci\u00f3n do contrato<\/u>: 2 de marzo do 2023<br \/><u>Data de finalizaci\u00f3n do contrato<\/u>: 10 de novembro do 2023<\/p>\n<p>&nbsp;<\/p>\n<p><strong>Soluci\u00f3ns_Lote 5. An\u00e1lise de poboaci\u00f3ns de sementes de mexill\u00f3n e especies cohabitantes:<\/strong> Servizo de investigaci\u00f3n e desenvolvemento e, no seu caso, posta en servizo dun sistema de apoio \u00e1 an\u00e1lise das poboaci\u00f3ns de semente de mexill\u00f3n (Mytilus galloprovincialis) e especies cohabitantes en h\u00e1bitats intermareais rochosos baseado no uso de aeronaves non tripuladas.<br \/><u>Adxudicatario<\/u>: Telespazio Ib\u00e9rica, SLU<br \/><u>Importe:<\/u> 413.223,14 \u20ac (500.000 \u20ac IVE inclu\u00eddo)<br \/><u>Data de formalizaci\u00f3n do contrato<\/u>: 2 de marzo do 2023<br \/><u>Data de finalizaci\u00f3n do contrato<\/u>: 30 de novembro do 2023<\/p>\n<p>&nbsp;<\/p>\n<p><strong>Desenvolvemento e adquisici\u00f3n dun laboratorio 5G no Centro de Investigaci\u00f3n Aeroportada de Rozas Lugo (CIAR<\/strong>), para ensaiar soluci\u00f3ns que utilicen este tipo de redes para a comunicaci\u00f3n e control de sistemas a\u00e9reos non tripulados (UAVs), e dese\u00f1o, desenvolvemento e operaci\u00f3n dun conxunto de ferramentas de ciberseguridade, nos \u00e1mbitos das comunicaci\u00f3ns e o posicionamento por sat\u00e9lite, para a s\u00faa posta a disposici\u00f3n no CIAR.<\/p>\n<p>&nbsp;<\/p>\n<p><strong>Lote 1_5G<\/strong>. Dotar ao CIAR dun entorno no que se poidan realizar probas de comunicaci\u00f3ns utilizando a rede 5G para misi\u00f3ns de UAS. Da mesma maneira, esta instalaci\u00f3n permitir\u00e1 ensaiar diferentes soluci\u00f3ns para o despregue da propia rede de 5G que mellore as s\u00faas prestaci\u00f3ns e caracter\u00edsticas con vistas \u00e1 seguridade de control remoto dos UAS.<br \/><u>Adxudicatario<\/u>: TELEF\u00d3NICA M\u00d3VILES ESPA\u00d1A, SA,<br \/><u>Importe<\/u>: 1.611.617,36 \u20ac sen IVE (1.950.057,01 \u20ac IVE inclu\u00eddo)<br \/><u>Data de formalizaci\u00f3n do contrato<\/u>: 21 de marzo do 2023<br \/><u>Data de finalizaci\u00f3n do contrato<\/u>: 21 de decembro de 2023<\/p>\n<p>&nbsp;<\/p>\n<p><strong>Lote 2_Ciberseguridade<\/strong>. Implantaci\u00f3n no Centro de Investigaci\u00f3n Aeroportada de Rozas, de compo\u00f1entes de ciberseguridade que poidan ser empregados en futuros ensaios de aeronaves como parte do sistema de seguridade dos voos. Para iso, pret\u00e9ndese o desenvolvemento e a incorporaci\u00f3n de sistemas de ciberseguridade que aborden estes dous sistemas: as comunicaci\u00f3ns e os sistemas de posicionamento por sat\u00e9lite.<br \/><u>Adxudicatario<\/u>: GMV AEROESPACE AND DEFENCE, SAU<br \/><u>Importe<\/u>: 1.345.633,57 \u20ac sen IVE (1.628.216,62 \u20ac IVE inclu\u00eddo)<br \/><u>Data de formalizaci\u00f3n do contrato<\/u>: 23 de marzo do 2023<br \/><u>Data de finalizaci\u00f3n do contrato<\/u>: 10 de xu\u00f1o do 2024<\/p>\n<p>&nbsp;<\/p>\n<p>Estes contratos est\u00e1n financiados no marco do Eixo REACT-UE do PO FEDER GALICIA 2014-2020 como parte da resposta da Uni\u00f3n Europea \u00e1 pandemia da COVID-19.<\/p>\n<p>[\/et_pb_text][\/et_pb_column][\/et_pb_row][\/et_pb_section]<\/p>\n","protected":false},"excerpt":{"rendered":"<p>PO FEDER Galicia 2014-2020Fondo Europeo de Desenvolvemento Rexional, PO FEDER Galicia 2014-2020.Unha maneira de facer Europa. Eixo Prioritario\/Obxectivo Tem\u00e1tico 13. Favorecer a reparaci\u00f3n da crise no contexto da pandemia de COVID-19 e as s\u00faas consecuencias sociais e preparar unha recuperaci\u00f3n verde, dixital e resiliente da Econom\u00eda. Obxectivo Espec\u00edfico 20.1.2. Apoio \u00e1s inversi\u00f3ns que contrib\u00faan \u00e1 [&hellip;]<\/p>\n","protected":false},"author":3,"featured_media":0,"parent":0,"menu_order":0,"comment_status":"closed","ping_status":"closed","template":"","meta":{"_et_pb_use_builder":"on","_et_pb_old_content":"","_et_gb_content_width":""},"acf":[],"yoast_head":"<!-- This site is optimized with the Yoast SEO plugin v20.9 - https:\/\/yoast.com\/wordpress\/plugins\/seo\/ -->\n<title>Civil UAVs Initiative<\/title>\n<meta name=\"description\" content=\"Civil UAVs Initiative, favorece y fomenta el emprendimiento innovador, con el fin de atraer y retener en Galicia talento en el sector aeroespacial.\" \/>\n<meta name=\"robots\" content=\"index, follow, max-snippet:-1, max-image-preview:large, max-video-preview:-1\" \/>\n<link rel=\"canonical\" href=\"https:\/\/www.civiluavsinitiative.com\/po-feder-galicia-2014-2020\/\" \/>\n<meta property=\"og:locale\" content=\"gl_ES\" \/>\n<meta property=\"og:type\" content=\"article\" \/>\n<meta property=\"og:title\" content=\"Civil UAVs Initiative\" \/>\n<meta property=\"og:description\" content=\"Civil UAVs Initiative, favorece y fomenta el emprendimiento innovador, con el fin de atraer y retener en Galicia talento en el sector aeroespacial.\" \/>\n<meta property=\"og:url\" content=\"https:\/\/www.civiluavsinitiative.com\/po-feder-galicia-2014-2020\/\" \/>\n<meta property=\"og:site_name\" content=\"Civil UAVs Initiative\" \/>\n<meta property=\"article:modified_time\" content=\"2024-02-28T08:33:46+00:00\" \/>\n<meta name=\"twitter:card\" content=\"summary_large_image\" \/>\n<meta name=\"twitter:label1\" content=\"Tempo de lectura\" \/>\n\t<meta name=\"twitter:data1\" content=\"5 minutos\" \/>\n<script type=\"application\/ld+json\" class=\"yoast-schema-graph\">{\"@context\":\"https:\/\/schema.org\",\"@graph\":[{\"@type\":\"WebPage\",\"@id\":\"https:\/\/www.civiluavsinitiative.com\/po-feder-galicia-2014-2020\/\",\"url\":\"https:\/\/www.civiluavsinitiative.com\/po-feder-galicia-2014-2020\/\",\"name\":\"Civil UAVs Initiative\",\"isPartOf\":{\"@id\":\"https:\/\/www.civiluavsinitiative.com\/#website\"},\"datePublished\":\"2024-02-27T09:01:58+00:00\",\"dateModified\":\"2024-02-28T08:33:46+00:00\",\"description\":\"Civil UAVs Initiative, favorece y fomenta el emprendimiento innovador, con el fin de atraer y retener en Galicia talento en el sector aeroespacial.\",\"breadcrumb\":{\"@id\":\"https:\/\/www.civiluavsinitiative.com\/po-feder-galicia-2014-2020\/#breadcrumb\"},\"inLanguage\":\"gl-ES\",\"potentialAction\":[{\"@type\":\"ReadAction\",\"target\":[\"https:\/\/www.civiluavsinitiative.com\/po-feder-galicia-2014-2020\/\"]}]},{\"@type\":\"BreadcrumbList\",\"@id\":\"https:\/\/www.civiluavsinitiative.com\/po-feder-galicia-2014-2020\/#breadcrumb\",\"itemListElement\":[{\"@type\":\"ListItem\",\"position\":1,\"name\":\"Home\",\"item\":\"https:\/\/www.civiluavsinitiative.com\/gl\/\"},{\"@type\":\"ListItem\",\"position\":2,\"name\":\"PO FEDER Galicia 2014-2020\"}]},{\"@type\":\"WebSite\",\"@id\":\"https:\/\/www.civiluavsinitiative.com\/#website\",\"url\":\"https:\/\/www.civiluavsinitiative.com\/\",\"name\":\"Civil UAVs Initiative\",\"description\":\"Civil UAVs Initiative, favorece y fomenta el emprendimiento innovador, con el fin de atraer y retener en Galicia talento en el sector aeroespacial.\",\"potentialAction\":[{\"@type\":\"SearchAction\",\"target\":{\"@type\":\"EntryPoint\",\"urlTemplate\":\"https:\/\/www.civiluavsinitiative.com\/?s={search_term_string}\"},\"query-input\":\"required name=search_term_string\"}],\"inLanguage\":\"gl-ES\"}]}<\/script>\n<!-- \/ Yoast SEO plugin. -->","yoast_head_json":{"title":"Civil UAVs Initiative","description":"Civil UAVs Initiative, favorece y fomenta el emprendimiento innovador, con el fin de atraer y retener en Galicia talento en el sector aeroespacial.","robots":{"index":"index","follow":"follow","max-snippet":"max-snippet:-1","max-image-preview":"max-image-preview:large","max-video-preview":"max-video-preview:-1"},"canonical":"https:\/\/www.civiluavsinitiative.com\/po-feder-galicia-2014-2020\/","og_locale":"gl_ES","og_type":"article","og_title":"Civil UAVs Initiative","og_description":"Civil UAVs Initiative, favorece y fomenta el emprendimiento innovador, con el fin de atraer y retener en Galicia talento en el sector aeroespacial.","og_url":"https:\/\/www.civiluavsinitiative.com\/po-feder-galicia-2014-2020\/","og_site_name":"Civil UAVs Initiative","article_modified_time":"2024-02-28T08:33:46+00:00","twitter_card":"summary_large_image","twitter_misc":{"Tempo de lectura":"5 minutos"},"schema":{"@context":"https:\/\/schema.org","@graph":[{"@type":"WebPage","@id":"https:\/\/www.civiluavsinitiative.com\/po-feder-galicia-2014-2020\/","url":"https:\/\/www.civiluavsinitiative.com\/po-feder-galicia-2014-2020\/","name":"Civil UAVs Initiative","isPartOf":{"@id":"https:\/\/www.civiluavsinitiative.com\/#website"},"datePublished":"2024-02-27T09:01:58+00:00","dateModified":"2024-02-28T08:33:46+00:00","description":"Civil UAVs Initiative, favorece y fomenta el emprendimiento innovador, con el fin de atraer y retener en Galicia talento en el sector aeroespacial.","breadcrumb":{"@id":"https:\/\/www.civiluavsinitiative.com\/po-feder-galicia-2014-2020\/#breadcrumb"},"inLanguage":"gl-ES","potentialAction":[{"@type":"ReadAction","target":["https:\/\/www.civiluavsinitiative.com\/po-feder-galicia-2014-2020\/"]}]},{"@type":"BreadcrumbList","@id":"https:\/\/www.civiluavsinitiative.com\/po-feder-galicia-2014-2020\/#breadcrumb","itemListElement":[{"@type":"ListItem","position":1,"name":"Home","item":"https:\/\/www.civiluavsinitiative.com\/gl\/"},{"@type":"ListItem","position":2,"name":"PO FEDER Galicia 2014-2020"}]},{"@type":"WebSite","@id":"https:\/\/www.civiluavsinitiative.com\/#website","url":"https:\/\/www.civiluavsinitiative.com\/","name":"Civil UAVs Initiative","description":"Civil UAVs Initiative, favorece y fomenta el emprendimiento innovador, con el fin de atraer y retener en Galicia talento en el sector aeroespacial.","potentialAction":[{"@type":"SearchAction","target":{"@type":"EntryPoint","urlTemplate":"https:\/\/www.civiluavsinitiative.com\/?s={search_term_string}"},"query-input":"required name=search_term_string"}],"inLanguage":"gl-ES"}]}},"_links":{"self":[{"href":"https:\/\/www.civiluavsinitiative.com\/gl\/wp-json\/wp\/v2\/pages\/41248"}],"collection":[{"href":"https:\/\/www.civiluavsinitiative.com\/gl\/wp-json\/wp\/v2\/pages"}],"about":[{"href":"https:\/\/www.civiluavsinitiative.com\/gl\/wp-json\/wp\/v2\/types\/page"}],"author":[{"embeddable":true,"href":"https:\/\/www.civiluavsinitiative.com\/gl\/wp-json\/wp\/v2\/users\/3"}],"replies":[{"embeddable":true,"href":"https:\/\/www.civiluavsinitiative.com\/gl\/wp-json\/wp\/v2\/comments?post=41248"}],"version-history":[{"count":4,"href":"https:\/\/www.civiluavsinitiative.com\/gl\/wp-json\/wp\/v2\/pages\/41248\/revisions"}],"predecessor-version":[{"id":41265,"href":"https:\/\/www.civiluavsinitiative.com\/gl\/wp-json\/wp\/v2\/pages\/41248\/revisions\/41265"}],"wp:attachment":[{"href":"https:\/\/www.civiluavsinitiative.com\/gl\/wp-json\/wp\/v2\/media?parent=41248"}],"curies":[{"name":"wp","href":"https:\/\/api.w.org\/{rel}","templated":true}]}}