{"id":41235,"date":"2024-02-27T09:35:05","date_gmt":"2024-02-27T08:35:05","guid":{"rendered":"https:\/\/www.civiluavsinitiative.com\/fondos-europeos\/"},"modified":"2025-02-07T11:54:59","modified_gmt":"2025-02-07T10:54:59","slug":"fondos-europeos","status":"publish","type":"page","link":"https:\/\/www.civiluavsinitiative.com\/gl\/fondos-europeos\/","title":{"rendered":"Fondos Europeos"},"content":{"rendered":"<p>[et_pb_section fb_built=&#8221;1&#8243; admin_label=&#8221;Secci\u00f3n&#8221; _builder_version=&#8221;4.19.4&#8243; _module_preset=&#8221;default&#8221; custom_padding=&#8221;2px|||||&#8221; global_colors_info=&#8221;{}&#8221;][et_pb_row _builder_version=&#8221;4.19.4&#8243; _module_preset=&#8221;default&#8221; global_colors_info=&#8221;{}&#8221;][et_pb_column type=&#8221;4_4&#8243; _builder_version=&#8221;4.19.4&#8243; _module_preset=&#8221;default&#8221; global_colors_info=&#8221;{}&#8221;][et_pb_text _builder_version=&#8221;4.19.4&#8243; _module_preset=&#8221;default&#8221; hover_enabled=&#8221;0&#8243; global_colors_info=&#8221;{}&#8221; sticky_enabled=&#8221;0&#8243;]<\/p>\n<h1>Fondos Next Generation EU<\/h1>\n<p>[\/et_pb_text][et_pb_text admin_label=&#8221;Texto&#8221; _builder_version=&#8221;4.19.4&#8243; _module_preset=&#8221;default&#8221; hover_enabled=&#8221;0&#8243; global_colors_info=&#8221;{}&#8221; sticky_enabled=&#8221;0&#8243;]<strong>Plan Complementario de Biodiversidade<\/strong><\/p>\n<p>Os Plans Complementarios son un instrumento impulsado polo Ministerio de Ciencia, Innovaci\u00f3n e Universidades en colaboraci\u00f3n coas comunidades aut\u00f3nomas dirixidos a colaborar en acci\u00f3ns de I+D+i con obxectivos com\u00fans. Est\u00e1n enmarcados na compo\u00f1ente 17 do Plan de Recuperaci\u00f3n, Transformaci\u00f3n e Resiliencia (PRTR): &#8220;Reforma institucional e fortalecemento das capacidades do sistema nacional de ciencia, tecnolox\u00eda e innovaci\u00f3n&#8221;.<\/p>\n<p>O Plan Complementario de Biodiversidade, denominado &#8220;Exploraci\u00f3n, an\u00e1lise e e prospectiva da biodiversidade: Posibles respostas \u00e1 estratexia 2030 de desenvolvemento sustentable nun escenario de cambio global, ten por obxectivo o desenvolvemento de soluci\u00f3ns que estean centradas na natureza, e que te\u00f1an en conta como inciden nela as actividades antr\u00f3picas, para deter a crise de Biodiversidade \u00e1 vez que permitan a mitigaci\u00f3n e adaptaci\u00f3n dos sistemas naturais ao cambio clim\u00e1tico.<\/p>\n<p>O programa p\u00faxose en marcha coas Comunidades Aut\u00f3nomas de Galicia, Andaluc\u00eda, Principado de Asturias, Canarias, Extremadura e Illes Balears, mediante a suscrici\u00f3n dun convenio marco co Ministerio de Ciencia, Innovaci\u00f3n y Universidades.<\/p>\n<p>O programa establece unha colaboraci\u00f3n entre instituci\u00f3ns das CCAA participantes para avanzar en 6 li\u00f1as de actuaci\u00f3n:<br \/>\n-Plataformas para a observaci\u00f3n da biodiversidade con tecnolox\u00edas aeron\u00e1uticas e aeroespaciais.<br \/>\n-Monitorizaci\u00f3n e seguimento da biodiversidade.<br \/>\n-Inventario dos servizos ecosist\u00e9micos.<br \/>\n-Avaliaci\u00f3n e mitigaci\u00f3n do impacto do cambio global sobre a biodiversidade.<br \/>\n-E-infraestrutura integrada de observaci\u00f3n da biodiversidade.<br \/>\n-Rede de centros para o estudo e xesti\u00f3n da biodiversidade.[\/et_pb_text][et_pb_image src=&#8221;https:\/\/www.civiluavsinitiative.com\/wp-content\/uploads\/2025\/02\/alogos.png&#8221; alt=&#8221;Fondos Europeo&#8221; title_text=&#8221;alogos&#8221; _builder_version=&#8221;4.19.4&#8243; _module_preset=&#8221;default&#8221; hover_enabled=&#8221;0&#8243; global_colors_info=&#8221;{}&#8221; sticky_enabled=&#8221;0&#8243;][\/et_pb_image][\/et_pb_column][\/et_pb_row][et_pb_row _builder_version=&#8221;4.19.4&#8243; _module_preset=&#8221;default&#8221; global_colors_info=&#8221;{}&#8221;][et_pb_column type=&#8221;4_4&#8243; _builder_version=&#8221;4.19.4&#8243; _module_preset=&#8221;default&#8221; global_colors_info=&#8221;{}&#8221;][et_pb_text _builder_version=&#8221;4.19.4&#8243; _module_preset=&#8221;default&#8221; global_colors_info=&#8221;{}&#8221;]<\/p>\n<h1>Fondos Europeos<\/h1>\n<p>[\/et_pb_text][et_pb_text admin_label=&#8221;Texto&#8221; _builder_version=&#8221;4.19.4&#8243; _module_preset=&#8221;default&#8221; global_colors_info=&#8221;{}&#8221;]<strong>Fondo Europeo de Desenvolvemento Rexional<\/strong>, PO FEDER Galicia 2014-2020.<br \/>\n<em>Unha maneira de facer Europa.<\/em><\/p>\n<p><strong>Obxectivo Tem\u00e1tico 13<\/strong>: Favorecer a reparaci\u00f3n da crise no contexto da pandemia da COVID-19 e as s\u00faas consecuencias sociais e preparar unha recuperaci\u00f3n verde, dixital e resiliente da Econom\u00eda.<\/p>\n<p><strong>Prioridade de inversi\u00f3n 13<\/strong>. Favorecer a reparaci\u00f3n da crise no contexto da pandemia da COVID-19 e as s\u00faas consecuencias sociais, e preparar unha recuperaci\u00f3n verde, dixital e resiliente da econom\u00eda<\/p>\n<p><strong>Obxectivo espec\u00edfico 20.1.2<\/strong>.\u00a0 Apoio \u00e1s inversi\u00f3ns que contrib\u00faan \u00e1 transici\u00f3n cara a unha econom\u00eda dixital<\/p>\n<p><strong>Actuaci\u00f3n 20.1.2.6<\/strong><br \/>\n<u>Medidas de impulso da innovaci\u00f3n no sector aeroespacial a trav\u00e9s da demanda de dixitalizaci\u00f3n da Administraci\u00f3n P\u00fablica e a creaci\u00f3n de soluci\u00f3ns innovadoras baseadas en sistemas e veh\u00edculos UAVs<\/u>[\/et_pb_text][et_pb_text _builder_version=&#8221;4.19.4&#8243; _module_preset=&#8221;default&#8221; global_colors_info=&#8221;{}&#8221;]<\/p>\n<ul>\n<li><strong><a href=\"\/gl\/po-feder-galicia-2014-2020\" target=\"_blank\" rel=\"noopener\">Desenvolvemento de Novas Soluci\u00f3ns (I+D+i) para a dixitalizaci\u00f3n de servizos da Xunta mediante o uso de UAVs<\/a> <\/strong><\/li>\n<\/ul>\n<p>[\/et_pb_text][et_pb_image src=&#8221;https:\/\/www.civiluavsinitiative.com\/wp-content\/uploads\/2024\/02\/Imagen1.png&#8221; alt=&#8221;Fondos Europeo&#8221; title_text=&#8221;Fondos Europeo&#8221; _builder_version=&#8221;4.19.4&#8243; _module_preset=&#8221;default&#8221; global_colors_info=&#8221;{}&#8221;][\/et_pb_image][\/et_pb_column][\/et_pb_row][\/et_pb_section]<\/p>\n","protected":false},"excerpt":{"rendered":"<p>Fondos Next Generation EUPlan Complementario de Biodiversidade Os Plans Complementarios son un instrumento impulsado polo Ministerio de Ciencia, Innovaci\u00f3n e Universidades en colaboraci\u00f3n coas comunidades aut\u00f3nomas dirixidos a colaborar en acci\u00f3ns de I+D+i con obxectivos com\u00fans. Est\u00e1n enmarcados na compo\u00f1ente 17 do Plan de Recuperaci\u00f3n, Transformaci\u00f3n e Resiliencia (PRTR): &#8220;Reforma institucional e fortalecemento das capacidades [&hellip;]<\/p>\n","protected":false},"author":3,"featured_media":0,"parent":0,"menu_order":0,"comment_status":"closed","ping_status":"closed","template":"","meta":{"_et_pb_use_builder":"on","_et_pb_old_content":"","_et_gb_content_width":""},"acf":[],"yoast_head":"<!-- This site is optimized with the Yoast SEO plugin v20.9 - https:\/\/yoast.com\/wordpress\/plugins\/seo\/ -->\n<title>Civil UAVs Initiative<\/title>\n<meta name=\"description\" content=\"Civil UAVs Initiative, favorece y fomenta el emprendimiento innovador, con el fin de atraer y retener en Galicia talento en el sector aeroespacial.\" \/>\n<meta name=\"robots\" content=\"index, follow, max-snippet:-1, max-image-preview:large, max-video-preview:-1\" \/>\n<link rel=\"canonical\" href=\"https:\/\/www.civiluavsinitiative.com\/fondos-europeos\/\" \/>\n<meta property=\"og:locale\" content=\"gl_ES\" \/>\n<meta property=\"og:type\" content=\"article\" \/>\n<meta property=\"og:title\" content=\"Civil UAVs Initiative\" \/>\n<meta property=\"og:description\" content=\"Civil UAVs Initiative, favorece y fomenta el emprendimiento innovador, con el fin de atraer y retener en Galicia talento en el sector aeroespacial.\" \/>\n<meta property=\"og:url\" content=\"https:\/\/www.civiluavsinitiative.com\/fondos-europeos\/\" \/>\n<meta property=\"og:site_name\" content=\"Civil UAVs Initiative\" \/>\n<meta property=\"article:modified_time\" content=\"2025-02-07T10:54:59+00:00\" \/>\n<meta name=\"twitter:card\" content=\"summary_large_image\" \/>\n<meta name=\"twitter:label1\" content=\"Tempo de lectura\" \/>\n\t<meta name=\"twitter:data1\" content=\"1 minuto\" \/>\n<script type=\"application\/ld+json\" class=\"yoast-schema-graph\">{\"@context\":\"https:\/\/schema.org\",\"@graph\":[{\"@type\":\"WebPage\",\"@id\":\"https:\/\/www.civiluavsinitiative.com\/fondos-europeos\/\",\"url\":\"https:\/\/www.civiluavsinitiative.com\/fondos-europeos\/\",\"name\":\"Civil UAVs Initiative\",\"isPartOf\":{\"@id\":\"https:\/\/www.civiluavsinitiative.com\/#website\"},\"datePublished\":\"2024-02-27T08:35:05+00:00\",\"dateModified\":\"2025-02-07T10:54:59+00:00\",\"description\":\"Civil UAVs Initiative, favorece y fomenta el emprendimiento innovador, con el fin de atraer y retener en Galicia talento en el sector aeroespacial.\",\"breadcrumb\":{\"@id\":\"https:\/\/www.civiluavsinitiative.com\/fondos-europeos\/#breadcrumb\"},\"inLanguage\":\"gl-ES\",\"potentialAction\":[{\"@type\":\"ReadAction\",\"target\":[\"https:\/\/www.civiluavsinitiative.com\/fondos-europeos\/\"]}]},{\"@type\":\"BreadcrumbList\",\"@id\":\"https:\/\/www.civiluavsinitiative.com\/fondos-europeos\/#breadcrumb\",\"itemListElement\":[{\"@type\":\"ListItem\",\"position\":1,\"name\":\"Home\",\"item\":\"https:\/\/www.civiluavsinitiative.com\/gl\/\"},{\"@type\":\"ListItem\",\"position\":2,\"name\":\"Fondos Europeos\"}]},{\"@type\":\"WebSite\",\"@id\":\"https:\/\/www.civiluavsinitiative.com\/#website\",\"url\":\"https:\/\/www.civiluavsinitiative.com\/\",\"name\":\"Civil UAVs Initiative\",\"description\":\"Civil UAVs Initiative, favorece y fomenta el emprendimiento innovador, con el fin de atraer y retener en Galicia talento en el sector aeroespacial.\",\"potentialAction\":[{\"@type\":\"SearchAction\",\"target\":{\"@type\":\"EntryPoint\",\"urlTemplate\":\"https:\/\/www.civiluavsinitiative.com\/?s={search_term_string}\"},\"query-input\":\"required name=search_term_string\"}],\"inLanguage\":\"gl-ES\"}]}<\/script>\n<!-- \/ Yoast SEO plugin. -->","yoast_head_json":{"title":"Civil UAVs Initiative","description":"Civil UAVs Initiative, favorece y fomenta el emprendimiento innovador, con el fin de atraer y retener en Galicia talento en el sector aeroespacial.","robots":{"index":"index","follow":"follow","max-snippet":"max-snippet:-1","max-image-preview":"max-image-preview:large","max-video-preview":"max-video-preview:-1"},"canonical":"https:\/\/www.civiluavsinitiative.com\/fondos-europeos\/","og_locale":"gl_ES","og_type":"article","og_title":"Civil UAVs Initiative","og_description":"Civil UAVs Initiative, favorece y fomenta el emprendimiento innovador, con el fin de atraer y retener en Galicia talento en el sector aeroespacial.","og_url":"https:\/\/www.civiluavsinitiative.com\/fondos-europeos\/","og_site_name":"Civil UAVs Initiative","article_modified_time":"2025-02-07T10:54:59+00:00","twitter_card":"summary_large_image","twitter_misc":{"Tempo de lectura":"1 minuto"},"schema":{"@context":"https:\/\/schema.org","@graph":[{"@type":"WebPage","@id":"https:\/\/www.civiluavsinitiative.com\/fondos-europeos\/","url":"https:\/\/www.civiluavsinitiative.com\/fondos-europeos\/","name":"Civil UAVs Initiative","isPartOf":{"@id":"https:\/\/www.civiluavsinitiative.com\/#website"},"datePublished":"2024-02-27T08:35:05+00:00","dateModified":"2025-02-07T10:54:59+00:00","description":"Civil UAVs Initiative, favorece y fomenta el emprendimiento innovador, con el fin de atraer y retener en Galicia talento en el sector aeroespacial.","breadcrumb":{"@id":"https:\/\/www.civiluavsinitiative.com\/fondos-europeos\/#breadcrumb"},"inLanguage":"gl-ES","potentialAction":[{"@type":"ReadAction","target":["https:\/\/www.civiluavsinitiative.com\/fondos-europeos\/"]}]},{"@type":"BreadcrumbList","@id":"https:\/\/www.civiluavsinitiative.com\/fondos-europeos\/#breadcrumb","itemListElement":[{"@type":"ListItem","position":1,"name":"Home","item":"https:\/\/www.civiluavsinitiative.com\/gl\/"},{"@type":"ListItem","position":2,"name":"Fondos Europeos"}]},{"@type":"WebSite","@id":"https:\/\/www.civiluavsinitiative.com\/#website","url":"https:\/\/www.civiluavsinitiative.com\/","name":"Civil UAVs Initiative","description":"Civil UAVs Initiative, favorece y fomenta el emprendimiento innovador, con el fin de atraer y retener en Galicia talento en el sector aeroespacial.","potentialAction":[{"@type":"SearchAction","target":{"@type":"EntryPoint","urlTemplate":"https:\/\/www.civiluavsinitiative.com\/?s={search_term_string}"},"query-input":"required name=search_term_string"}],"inLanguage":"gl-ES"}]}},"_links":{"self":[{"href":"https:\/\/www.civiluavsinitiative.com\/gl\/wp-json\/wp\/v2\/pages\/41235"}],"collection":[{"href":"https:\/\/www.civiluavsinitiative.com\/gl\/wp-json\/wp\/v2\/pages"}],"about":[{"href":"https:\/\/www.civiluavsinitiative.com\/gl\/wp-json\/wp\/v2\/types\/page"}],"author":[{"embeddable":true,"href":"https:\/\/www.civiluavsinitiative.com\/gl\/wp-json\/wp\/v2\/users\/3"}],"replies":[{"embeddable":true,"href":"https:\/\/www.civiluavsinitiative.com\/gl\/wp-json\/wp\/v2\/comments?post=41235"}],"version-history":[{"count":4,"href":"https:\/\/www.civiluavsinitiative.com\/gl\/wp-json\/wp\/v2\/pages\/41235\/revisions"}],"predecessor-version":[{"id":41447,"href":"https:\/\/www.civiluavsinitiative.com\/gl\/wp-json\/wp\/v2\/pages\/41235\/revisions\/41447"}],"wp:attachment":[{"href":"https:\/\/www.civiluavsinitiative.com\/gl\/wp-json\/wp\/v2\/media?parent=41235"}],"curies":[{"name":"wp","href":"https:\/\/api.w.org\/{rel}","templated":true}]}}