{"id":35296,"date":"2020-11-30T12:41:47","date_gmt":"2020-11-30T11:41:47","guid":{"rendered":"https:\/\/www.civiluavsinitiative.com\/?page_id=35296"},"modified":"2022-03-16T09:34:52","modified_gmt":"2022-03-16T08:34:52","slug":"formacion-en-el-sector-aeroespacial-en-galicia","status":"publish","type":"page","link":"https:\/\/www.civiluavsinitiative.com\/gl\/formacion-en-el-sector-aeroespacial-en-galicia\/","title":{"rendered":"Formaci\u00f3n no sector aeroespacial en Galicia"},"content":{"rendered":"<p>[et_pb_section fb_built=&#8221;1&#8243; _builder_version=&#8221;3.29.3&#8243; background_color=&#8221;#009ee0&#8243; custom_margin=&#8221;-25px||0px||false|false&#8221; custom_padding=&#8221;0px||0px||false|false&#8221; custom_css_main_element=&#8221;padding-top: 0px !important;&#8221; fb_built=&#8221;1&#8243; _i=&#8221;0&#8243; _address=&#8221;0&#8243;][et_pb_row module_class=&#8221;z-index-0&#8243; _builder_version=&#8221;3.29.3&#8243; width=&#8221;auto&#8221; min_height=&#8221;23px&#8221; custom_margin=&#8221;||||false|false&#8221; custom_margin_tablet=&#8221;||||false|false&#8221; custom_margin_last_edited=&#8221;off|tablet&#8221; custom_padding=&#8221;||||false|false&#8221; _i=&#8221;0&#8243; _address=&#8221;0.0&#8243;][et_pb_column type=&#8221;4_4&#8243; _builder_version=&#8221;3.29.3&#8243; _i=&#8221;0&#8243; _address=&#8221;0.0.0&#8243;][et_pb_text _builder_version=&#8221;3.29.3&#8243; text_font=&#8221;lubalin bold||||||||&#8221; text_text_color=&#8221;#ffffff&#8221; text_font_size=&#8221;40px&#8221; text_letter_spacing=&#8221;2.23px&#8221; text_line_height=&#8221;40px&#8221; text_orientation=&#8221;center&#8221; custom_margin=&#8221;||||false|false&#8221; custom_padding=&#8221;||||false|false&#8221; text_font_size_tablet=&#8221;25px&#8221; text_font_size_phone=&#8221;30px&#8221; text_font_size_last_edited=&#8221;on|tablet&#8221; _i=&#8221;0&#8243; _address=&#8221;0.0.0.0&#8243;]<\/p>\n<h1 class=\"inherit\">Formaci\u00f3n no sector aeroespacial en Galicia<\/h1>\n<p>[\/et_pb_text][\/et_pb_column][\/et_pb_row][\/et_pb_section][et_pb_section fb_built=&#8221;1&#8243; _builder_version=&#8221;3.29.3&#8243; background_color=&#8221;#ffffff&#8221; custom_padding=&#8221;0px|||||&#8221; fb_built=&#8221;1&#8243; _i=&#8221;1&#8243; _address=&#8221;1&#8243;][et_pb_row module_class=&#8221;oferta_empleo&#8221; _builder_version=&#8221;3.29.3&#8243; width=&#8221;60%&#8221; custom_padding=&#8221;97px||50px||false|false&#8221; _i=&#8221;0&#8243; _address=&#8221;1.0&#8243;][et_pb_column type=&#8221;4_4&#8243; _builder_version=&#8221;3.29.3&#8243; _i=&#8221;0&#8243; _address=&#8221;1.0.0&#8243;][et_pb_text _builder_version=&#8221;3.29.3&#8243; text_font=&#8221;Gotham Medium||||||||&#8221; text_text_color=&#8221;#504f51&#8243; text_font_size=&#8221;16px&#8221; text_line_height=&#8221;1.44em&#8221; text_orientation=&#8221;center&#8221; _i=&#8221;0&#8243; _address=&#8221;1.0.0.0&#8243;]<\/p>\n<p>En Galicia pux\u00e9ronse en marcha outras iniciativas de formaci\u00f3n para consolidar, a medio e longo prazo, un ecosistema innovador con capacidade para xerar, atraer e reter talento.<\/p>\n<p>[\/et_pb_text][\/et_pb_column][\/et_pb_row][et_pb_row column_structure=&#8221;1_3,1_3,1_3&#8243; _builder_version=&#8221;3.29.3&#8243; custom_padding=&#8221;50px|||||&#8221; _i=&#8221;1&#8243; _address=&#8221;1.1&#8243;][et_pb_column type=&#8221;1_3&#8243; _builder_version=&#8221;3.29.3&#8243; _i=&#8221;0&#8243; _address=&#8221;1.1.0&#8243;][et_pb_image src=&#8221;https:\/\/www.civiluavsinitiative.com\/wp-content\/uploads\/2020\/06\/i-stock-855294690@3x.jpg&#8221; _builder_version=&#8221;3.29.3&#8243; _i=&#8221;0&#8243; _address=&#8221;1.1.0.0&#8243;][\/et_pb_image][et_pb_text _builder_version=&#8221;3.29.3&#8243; text_font=&#8221;Gotham Medium||||||||&#8221; text_text_color=&#8221;#009ee0&#8243; text_font_size=&#8221;16px&#8221; text_line_height=&#8221;1.88em&#8221; _i=&#8221;1&#8243; _address=&#8221;1.1.0.1&#8243;]MASTER<br \/>\n[\/et_pb_text][et_pb_text _builder_version=&#8221;3.29.3&#8243; text_font=&#8221;Gotham Medium||||||||&#8221; text_text_color=&#8221;#504f51&#8243; text_font_size=&#8221;16px&#8221; text_line_height=&#8221;1.69em&#8221; hover_enabled=&#8221;0&#8243; _i=&#8221;2&#8243; _address=&#8221;1.1.0.2&#8243;]<\/p>\n<p><strong>M\u00e1ster Universitario en Sistemas A\u00e9reos non Tripulados das Universidades de Vigo e de Santiago de Compostela.<\/strong><\/p>\n<p>[\/et_pb_text][et_pb_text _builder_version=&#8221;3.29.3&#8243; text_font=&#8221;Gotham Bold||||||||&#8221; text_text_color=&#8221;#009ee0&#8243; text_font_size=&#8221;16px&#8221; text_line_height=&#8221;1.69em&#8221; link_text_color=&#8221;#009ee0&#8243; _i=&#8221;3&#8243; _address=&#8221;1.1.0.3&#8243;]<\/p>\n<p><a class=\"link_formacion-sector\" href=\"https:\/\/www.usc.gal\/gl\/estudos\/masteres\/enxenaria-arquitectura\/master-universitario-sistemas-aereos-tripulados\" target=\"_blank\" rel=\"noopener noreferrer\">+ info (Santiago de Compostela)<\/a><\/p>\n<p>[\/et_pb_text][et_pb_text _builder_version=&#8221;3.29.3&#8243; text_font=&#8221;Gotham Bold||||||||&#8221; text_text_color=&#8221;#009ee0&#8243; text_font_size=&#8221;16px&#8221; text_line_height=&#8221;1.69em&#8221; link_text_color=&#8221;#009ee0&#8243; _i=&#8221;4&#8243; _address=&#8221;1.1.0.4&#8243;]<\/p>\n<p><a class=\"link_formacion-sector\" href=\"http:\/\/aero.uvigo.es\/gl\/estudios\/master-oesant\/\" target=\"_blank\" rel=\"noopener noreferrer\">+ info (Vigo)<\/a><\/p>\n<p>[\/et_pb_text][\/et_pb_column][et_pb_column type=&#8221;1_3&#8243; _builder_version=&#8221;3.29.3&#8243; _i=&#8221;1&#8243; _address=&#8221;1.1.1&#8243;][et_pb_image src=&#8221;https:\/\/www.civiluavsinitiative.com\/wp-content\/uploads\/2020\/06\/i-stock-655801532@3x.jpg&#8221; _builder_version=&#8221;3.29.3&#8243; _i=&#8221;0&#8243; _address=&#8221;1.1.1.0&#8243;][\/et_pb_image][et_pb_text _builder_version=&#8221;3.29.3&#8243; text_font=&#8221;Gotham Medium||||||||&#8221; text_text_color=&#8221;#009ee0&#8243; text_font_size=&#8221;16px&#8221; text_line_height=&#8221;1.88em&#8221; custom_padding=&#8221;||0px|||&#8221; _i=&#8221;1&#8243; _address=&#8221;1.1.1.1&#8243;]<\/p>\n<p>GRAO<\/p>\n<p>[\/et_pb_text][et_pb_text _builder_version=&#8221;3.29.3&#8243; text_font=&#8221;Gotham Medium||||||||&#8221; text_text_color=&#8221;#504f51&#8243; text_font_size=&#8221;16px&#8221; text_line_height=&#8221;1.69em&#8221; _i=&#8221;2&#8243; _address=&#8221;1.1.1.2&#8243;]<\/p>\n<p><strong>Grao en Enxe\u00f1ar\u00eda Aeroespacial na Escola de Enxe\u00f1ar\u00eda Aeron\u00e1utica e do Espazo do campus de Ourense da Universidade de Vigo.<\/strong><\/p>\n<p>[\/et_pb_text][et_pb_text _builder_version=&#8221;3.29.3&#8243; text_font=&#8221;Gotham Bold||||||||&#8221; text_text_color=&#8221;#009ee0&#8243; text_font_size=&#8221;16px&#8221; text_line_height=&#8221;1.69em&#8221; link_text_color=&#8221;#009ee0&#8243; _i=&#8221;3&#8243; _address=&#8221;1.1.1.3&#8243;]<\/p>\n<p><a class=\"link_formacion-sector\" href=\"http:\/\/aero.uvigo.es\/gl\/estudios\/grado-en-ingenieria-aeroespacial\/\" target=\"_blank\" rel=\"noopener noreferrer\">+ info<\/a><\/p>\n<p>[\/et_pb_text][\/et_pb_column][et_pb_column type=&#8221;1_3&#8243; _builder_version=&#8221;3.29.3&#8243; _i=&#8221;2&#8243; _address=&#8221;1.1.2&#8243;][et_pb_image src=&#8221;https:\/\/www.civiluavsinitiative.com\/wp-content\/uploads\/2020\/06\/i-stock-508121305@3x.jpg&#8221; _builder_version=&#8221;3.29.3&#8243; _i=&#8221;0&#8243; _address=&#8221;1.1.2.0&#8243;][\/et_pb_image][et_pb_text _builder_version=&#8221;3.29.3&#8243; text_font=&#8221;Gotham Medium||||||||&#8221; text_text_color=&#8221;#009ee0&#8243; text_font_size=&#8221;16px&#8221; text_line_height=&#8221;1.88em&#8221; _i=&#8221;1&#8243; _address=&#8221;1.1.2.1&#8243;]CICLO SUPERIOR<br \/>\n[\/et_pb_text][et_pb_text _builder_version=&#8221;3.29.3&#8243; text_font=&#8221;Gotham Medium||||||||&#8221; text_text_color=&#8221;#504f51&#8243; text_font_size=&#8221;16px&#8221; text_line_height=&#8221;1.69em&#8221; _i=&#8221;2&#8243; _address=&#8221;1.1.2.2&#8243;]<\/p>\n<p><strong>Ciclo Superior de Mantemento Aeromec\u00e1nico no CIFP As Mercedes de Lugo.<\/strong><\/p>\n<p>[\/et_pb_text][et_pb_text _builder_version=&#8221;3.29.3&#8243; text_font=&#8221;Gotham Bold||||||||&#8221; text_text_color=&#8221;#009ee0&#8243; text_font_size=&#8221;16px&#8221; text_line_height=&#8221;1.69em&#8221; link_text_color=&#8221;#009ee0&#8243; _i=&#8221;3&#8243; _address=&#8221;1.1.2.3&#8243;]<a class=\"link_formacion-sector\" href=\"http:\/\/www.cifpasmercedes.org\/index.php\/es\/oferta-formativa\/rexime-ordinaro\" target=\"_blank\" rel=\"noopener noreferrer\">+ info<\/a>[\/et_pb_text][\/et_pb_column][\/et_pb_row][\/et_pb_section]<\/p>\n","protected":false},"excerpt":{"rendered":"<p>Formaci\u00f3n no sector aeroespacial en GaliciaEn Galicia pux\u00e9ronse en marcha outras iniciativas de formaci\u00f3n para consolidar, a medio e longo prazo, un ecosistema innovador con capacidade para xerar, atraer e reter talento.MASTER M\u00e1ster Universitario en Sistemas A\u00e9reos non Tripulados das Universidades de Vigo e de Santiago de Compostela. + info (Santiago de Compostela)+ info (Vigo)GRAOGrao [&hellip;]<\/p>\n","protected":false},"author":3,"featured_media":0,"parent":0,"menu_order":0,"comment_status":"closed","ping_status":"closed","template":"","meta":{"_et_pb_use_builder":"on","_et_pb_old_content":"<p>[et_pb_section fb_built=\"1\" _builder_version=\"3.29.3\" background_color=\"#009ee0\" custom_margin=\"-25px||0px||false|false\" custom_padding=\"0px||0px||false|false\" custom_css_main_element=\"padding-top: 0px !important;\" fb_built=\"1\" _i=\"0\" _address=\"0\"][et_pb_row module_class=\"z-index-0\" _builder_version=\"3.29.3\" width=\"auto\" min_height=\"23px\" custom_margin=\"||||false|false\" custom_margin_tablet=\"||||false|false\" custom_margin_last_edited=\"off|tablet\" custom_padding=\"||||false|false\" _i=\"0\" _address=\"0.0\"][et_pb_column type=\"4_4\" _builder_version=\"3.29.3\" _i=\"0\" _address=\"0.0.0\"][et_pb_text _builder_version=\"3.29.3\" text_font=\"lubalin bold||||||||\" text_text_color=\"#ffffff\" text_font_size=\"40px\" text_letter_spacing=\"2.23px\" text_line_height=\"40px\" text_orientation=\"center\" custom_margin=\"||||false|false\" custom_padding=\"||||false|false\" text_font_size_tablet=\"25px\" text_font_size_phone=\"30px\" text_font_size_last_edited=\"on|tablet\" _i=\"0\" _address=\"0.0.0.0\"]<\/p><h1 class=\"inherit\">Formaci\u00f3n en el sector aeroespacial en Galicia<\/h1><p>[\/et_pb_text][\/et_pb_column][\/et_pb_row][\/et_pb_section][et_pb_section fb_built=\"1\" _builder_version=\"3.29.3\" background_color=\"#ffffff\" custom_padding=\"0px|||||\" fb_built=\"1\" _i=\"1\" _address=\"1\"][et_pb_row module_class=\"oferta_empleo\" _builder_version=\"3.29.3\" width=\"60%\" custom_padding=\"97px||50px||false|false\" _i=\"0\" _address=\"1.0\"][et_pb_column type=\"4_4\" _builder_version=\"3.29.3\" _i=\"0\" _address=\"1.0.0\"][et_pb_text _builder_version=\"3.29.3\" text_font=\"Gotham Medium||||||||\" text_text_color=\"#504f51\" text_font_size=\"16px\" text_line_height=\"1.44em\" text_orientation=\"center\" _i=\"0\" _address=\"1.0.0.0\"]En Galicia se han puesto en marcha otras iniciativas de formaci\u00f3n para consolidar, a medio y largo plazo, un ecosistema innovador con capacidad para generar, atraer y retener talento.[\/et_pb_text][\/et_pb_column][\/et_pb_row][et_pb_row column_structure=\"1_3,1_3,1_3\" _builder_version=\"3.29.3\" custom_padding=\"50px|||||\" _i=\"1\" _address=\"1.1\"][et_pb_column type=\"1_3\" _builder_version=\"3.29.3\" _i=\"0\" _address=\"1.1.0\"][et_pb_image src=\"https:\/\/www.civiluavsinitiative.com\/wp-content\/uploads\/2020\/06\/i-stock-855294690@3x.jpg\" _builder_version=\"3.29.3\" _i=\"0\" _address=\"1.1.0.0\"][\/et_pb_image][et_pb_text _builder_version=\"3.29.3\" text_font=\"Gotham Medium||||||||\" text_text_color=\"#009ee0\" text_font_size=\"16px\" text_line_height=\"1.88em\" _i=\"1\" _address=\"1.1.0.1\"]<\/p><p>MASTER<\/p><p>[\/et_pb_text][et_pb_text _builder_version=\"3.29.3\" text_font=\"Gotham Medium||||||||\" text_text_color=\"#504f51\" text_font_size=\"16px\" text_line_height=\"1.69em\" _i=\"2\" _address=\"1.1.0.2\"]<\/p><p>M\u00e1ster en Operaciones e Ingenier\u00eda de Sistemas A\u00e9reos no tripulados de las Universidades de Vigo y de Santiago de Compostela.<\/p><p>[\/et_pb_text][et_pb_text _builder_version=\"3.29.3\" text_font=\"Gotham Bold||||||||\" text_text_color=\"#009ee0\" text_font_size=\"16px\" text_line_height=\"1.69em\" link_text_color=\"#009ee0\" _i=\"3\" _address=\"1.1.0.3\"]<a class=\"link_formacion-sector\" href=\"https:\/\/www.usc.gal\/gl\/estudos\/masteres\/enxenaria-arquitectura\/master-universitario-operacions-enxenaria-sistemas-aereos\" target=\"_blank\" rel=\"noopener noreferrer\">+ info (Santiago de Compostela)<\/a>[\/et_pb_text][et_pb_text _builder_version=\"3.29.3\" text_font=\"Gotham Bold||||||||\" text_text_color=\"#009ee0\" text_font_size=\"16px\" text_line_height=\"1.69em\" link_text_color=\"#009ee0\" _i=\"4\" _address=\"1.1.0.4\"]<a class=\"link_formacion-sector\" href=\"http:\/\/aero.uvigo.es\/es\/estudios\/master-oesant\/\" target=\"_blank\" rel=\"noopener noreferrer\">+ info (Vigo)<\/a>[\/et_pb_text][\/et_pb_column][et_pb_column type=\"1_3\" _builder_version=\"3.29.3\" _i=\"1\" _address=\"1.1.1\"][et_pb_image src=\"https:\/\/www.civiluavsinitiative.com\/wp-content\/uploads\/2020\/06\/i-stock-655801532@3x.jpg\" _builder_version=\"3.29.3\" _i=\"0\" _address=\"1.1.1.0\"][\/et_pb_image][et_pb_text _builder_version=\"3.29.3\" text_font=\"Gotham Medium||||||||\" text_text_color=\"#009ee0\" text_font_size=\"16px\" text_line_height=\"1.88em\" custom_padding=\"||0px|||\" _i=\"1\" _address=\"1.1.1.1\"]<\/p><p>GRADO<\/p><p>[\/et_pb_text][et_pb_text _builder_version=\"3.29.3\" text_font=\"Gotham Medium||||||||\" text_text_color=\"#504f51\" text_font_size=\"16px\" text_line_height=\"1.69em\" _i=\"2\" _address=\"1.1.1.2\"]<\/p><p>Grado en Ingenier\u00eda Aeroespacial en la Escuela de Ingenier\u00eda Aeron\u00e1utica y del Espacio del campus de Ourense de la Universidad de Vigo.<\/p><p>[\/et_pb_text][et_pb_text _builder_version=\"3.29.3\" text_font=\"Gotham Bold||||||||\" text_text_color=\"#009ee0\" text_font_size=\"16px\" text_line_height=\"1.69em\" link_text_color=\"#009ee0\" _i=\"3\" _address=\"1.1.1.3\"]<a class=\"link_formacion-sector\" href=\"http:\/\/aero.uvigo.es\/es\/estudios\/grado-en-ingenieria-aeroespacial\/\" target=\"_blank\" rel=\"noopener noreferrer\">+ info<\/a>[\/et_pb_text][\/et_pb_column][et_pb_column type=\"1_3\" _builder_version=\"3.29.3\" _i=\"2\" _address=\"1.1.2\"][et_pb_image src=\"https:\/\/www.civiluavsinitiative.com\/wp-content\/uploads\/2020\/06\/i-stock-508121305@3x.jpg\" _builder_version=\"3.29.3\" _i=\"0\" _address=\"1.1.2.0\"][\/et_pb_image][et_pb_text _builder_version=\"3.29.3\" text_font=\"Gotham Medium||||||||\" text_text_color=\"#009ee0\" text_font_size=\"16px\" text_line_height=\"1.88em\" _i=\"1\" _address=\"1.1.2.1\"]<\/p><p>CICLO SUPERIOR<\/p><p>[\/et_pb_text][et_pb_text _builder_version=\"3.29.3\" text_font=\"Gotham Medium||||||||\" text_text_color=\"#504f51\" text_font_size=\"16px\" text_line_height=\"1.69em\" _i=\"2\" _address=\"1.1.2.2\"]<\/p><p>Ciclo Superior de Mantenimiento Aeromec\u00e1nico en el CIFP As Mercedes de Lugo.<\/p><p>[\/et_pb_text][et_pb_text _builder_version=\"3.29.3\" text_font=\"Gotham Bold||||||||\" text_text_color=\"#009ee0\" text_font_size=\"16px\" text_line_height=\"1.69em\" link_text_color=\"#009ee0\" _i=\"3\" _address=\"1.1.2.3\"]<a class=\"link_formacion-sector\" href=\"http:\/\/www.cifpasmercedes.org\/index.php\/es\/oferta-formativa\/rexime-ordinaro\" target=\"_blank\" rel=\"noopener noreferrer\">+ info<\/a>[\/et_pb_text][\/et_pb_column][\/et_pb_row][\/et_pb_section]<\/p>","_et_gb_content_width":""},"acf":[],"yoast_head":"<!-- This site is optimized with the Yoast SEO plugin v20.9 - https:\/\/yoast.com\/wordpress\/plugins\/seo\/ -->\n<title>Civil UAVs Initiative<\/title>\n<meta name=\"description\" content=\"Civil UAVs Initiative, favorece y fomenta el emprendimiento innovador, con el fin de atraer y retener en Galicia talento en el sector aeroespacial.\" \/>\n<meta name=\"robots\" content=\"index, follow, max-snippet:-1, max-image-preview:large, max-video-preview:-1\" \/>\n<link rel=\"canonical\" href=\"https:\/\/www.civiluavsinitiative.com\/formacion-en-el-sector-aeroespacial-en-galicia\/\" \/>\n<meta property=\"og:locale\" content=\"gl_ES\" \/>\n<meta property=\"og:type\" content=\"article\" \/>\n<meta property=\"og:title\" content=\"Civil UAVs Initiative\" \/>\n<meta property=\"og:description\" content=\"Civil UAVs Initiative, favorece y fomenta el emprendimiento innovador, con el fin de atraer y retener en Galicia talento en el sector aeroespacial.\" \/>\n<meta property=\"og:url\" content=\"https:\/\/www.civiluavsinitiative.com\/formacion-en-el-sector-aeroespacial-en-galicia\/\" \/>\n<meta property=\"og:site_name\" content=\"Civil UAVs Initiative\" \/>\n<meta property=\"article:modified_time\" content=\"2022-03-16T08:34:52+00:00\" \/>\n<meta name=\"twitter:card\" content=\"summary_large_image\" \/>\n<meta name=\"twitter:label1\" content=\"Tempo de lectura\" \/>\n\t<meta name=\"twitter:data1\" content=\"4 minutos\" \/>\n<script type=\"application\/ld+json\" class=\"yoast-schema-graph\">{\"@context\":\"https:\/\/schema.org\",\"@graph\":[{\"@type\":\"WebPage\",\"@id\":\"https:\/\/www.civiluavsinitiative.com\/formacion-en-el-sector-aeroespacial-en-galicia\/\",\"url\":\"https:\/\/www.civiluavsinitiative.com\/formacion-en-el-sector-aeroespacial-en-galicia\/\",\"name\":\"Civil UAVs Initiative\",\"isPartOf\":{\"@id\":\"https:\/\/www.civiluavsinitiative.com\/#website\"},\"datePublished\":\"2020-11-30T11:41:47+00:00\",\"dateModified\":\"2022-03-16T08:34:52+00:00\",\"description\":\"Civil UAVs Initiative, favorece y fomenta el emprendimiento innovador, con el fin de atraer y retener en Galicia talento en el sector aeroespacial.\",\"breadcrumb\":{\"@id\":\"https:\/\/www.civiluavsinitiative.com\/formacion-en-el-sector-aeroespacial-en-galicia\/#breadcrumb\"},\"inLanguage\":\"gl-ES\",\"potentialAction\":[{\"@type\":\"ReadAction\",\"target\":[\"https:\/\/www.civiluavsinitiative.com\/formacion-en-el-sector-aeroespacial-en-galicia\/\"]}]},{\"@type\":\"BreadcrumbList\",\"@id\":\"https:\/\/www.civiluavsinitiative.com\/formacion-en-el-sector-aeroespacial-en-galicia\/#breadcrumb\",\"itemListElement\":[{\"@type\":\"ListItem\",\"position\":1,\"name\":\"Home\",\"item\":\"https:\/\/www.civiluavsinitiative.com\/gl\/\"},{\"@type\":\"ListItem\",\"position\":2,\"name\":\"Formaci\u00f3n no sector aeroespacial en Galicia\"}]},{\"@type\":\"WebSite\",\"@id\":\"https:\/\/www.civiluavsinitiative.com\/#website\",\"url\":\"https:\/\/www.civiluavsinitiative.com\/\",\"name\":\"Civil UAVs Initiative\",\"description\":\"Civil UAVs Initiative, favorece y fomenta el emprendimiento innovador, con el fin de atraer y retener en Galicia talento en el sector aeroespacial.\",\"potentialAction\":[{\"@type\":\"SearchAction\",\"target\":{\"@type\":\"EntryPoint\",\"urlTemplate\":\"https:\/\/www.civiluavsinitiative.com\/?s={search_term_string}\"},\"query-input\":\"required name=search_term_string\"}],\"inLanguage\":\"gl-ES\"}]}<\/script>\n<!-- \/ Yoast SEO plugin. -->","yoast_head_json":{"title":"Civil UAVs Initiative","description":"Civil UAVs Initiative, favorece y fomenta el emprendimiento innovador, con el fin de atraer y retener en Galicia talento en el sector aeroespacial.","robots":{"index":"index","follow":"follow","max-snippet":"max-snippet:-1","max-image-preview":"max-image-preview:large","max-video-preview":"max-video-preview:-1"},"canonical":"https:\/\/www.civiluavsinitiative.com\/formacion-en-el-sector-aeroespacial-en-galicia\/","og_locale":"gl_ES","og_type":"article","og_title":"Civil UAVs Initiative","og_description":"Civil UAVs Initiative, favorece y fomenta el emprendimiento innovador, con el fin de atraer y retener en Galicia talento en el sector aeroespacial.","og_url":"https:\/\/www.civiluavsinitiative.com\/formacion-en-el-sector-aeroespacial-en-galicia\/","og_site_name":"Civil UAVs Initiative","article_modified_time":"2022-03-16T08:34:52+00:00","twitter_card":"summary_large_image","twitter_misc":{"Tempo de lectura":"4 minutos"},"schema":{"@context":"https:\/\/schema.org","@graph":[{"@type":"WebPage","@id":"https:\/\/www.civiluavsinitiative.com\/formacion-en-el-sector-aeroespacial-en-galicia\/","url":"https:\/\/www.civiluavsinitiative.com\/formacion-en-el-sector-aeroespacial-en-galicia\/","name":"Civil UAVs Initiative","isPartOf":{"@id":"https:\/\/www.civiluavsinitiative.com\/#website"},"datePublished":"2020-11-30T11:41:47+00:00","dateModified":"2022-03-16T08:34:52+00:00","description":"Civil UAVs Initiative, favorece y fomenta el emprendimiento innovador, con el fin de atraer y retener en Galicia talento en el sector aeroespacial.","breadcrumb":{"@id":"https:\/\/www.civiluavsinitiative.com\/formacion-en-el-sector-aeroespacial-en-galicia\/#breadcrumb"},"inLanguage":"gl-ES","potentialAction":[{"@type":"ReadAction","target":["https:\/\/www.civiluavsinitiative.com\/formacion-en-el-sector-aeroespacial-en-galicia\/"]}]},{"@type":"BreadcrumbList","@id":"https:\/\/www.civiluavsinitiative.com\/formacion-en-el-sector-aeroespacial-en-galicia\/#breadcrumb","itemListElement":[{"@type":"ListItem","position":1,"name":"Home","item":"https:\/\/www.civiluavsinitiative.com\/gl\/"},{"@type":"ListItem","position":2,"name":"Formaci\u00f3n no sector aeroespacial en Galicia"}]},{"@type":"WebSite","@id":"https:\/\/www.civiluavsinitiative.com\/#website","url":"https:\/\/www.civiluavsinitiative.com\/","name":"Civil UAVs Initiative","description":"Civil UAVs Initiative, favorece y fomenta el emprendimiento innovador, con el fin de atraer y retener en Galicia talento en el sector aeroespacial.","potentialAction":[{"@type":"SearchAction","target":{"@type":"EntryPoint","urlTemplate":"https:\/\/www.civiluavsinitiative.com\/?s={search_term_string}"},"query-input":"required name=search_term_string"}],"inLanguage":"gl-ES"}]}},"_links":{"self":[{"href":"https:\/\/www.civiluavsinitiative.com\/gl\/wp-json\/wp\/v2\/pages\/35296"}],"collection":[{"href":"https:\/\/www.civiluavsinitiative.com\/gl\/wp-json\/wp\/v2\/pages"}],"about":[{"href":"https:\/\/www.civiluavsinitiative.com\/gl\/wp-json\/wp\/v2\/types\/page"}],"author":[{"embeddable":true,"href":"https:\/\/www.civiluavsinitiative.com\/gl\/wp-json\/wp\/v2\/users\/3"}],"replies":[{"embeddable":true,"href":"https:\/\/www.civiluavsinitiative.com\/gl\/wp-json\/wp\/v2\/comments?post=35296"}],"version-history":[{"count":10,"href":"https:\/\/www.civiluavsinitiative.com\/gl\/wp-json\/wp\/v2\/pages\/35296\/revisions"}],"predecessor-version":[{"id":39679,"href":"https:\/\/www.civiluavsinitiative.com\/gl\/wp-json\/wp\/v2\/pages\/35296\/revisions\/39679"}],"wp:attachment":[{"href":"https:\/\/www.civiluavsinitiative.com\/gl\/wp-json\/wp\/v2\/media?parent=35296"}],"curies":[{"name":"wp","href":"https:\/\/api.w.org\/{rel}","templated":true}]}}