{"id":35262,"date":"2020-11-30T12:33:28","date_gmt":"2020-11-30T11:33:28","guid":{"rendered":"https:\/\/www.civiluavsinitiative.com\/?page_id=35262"},"modified":"2020-11-30T12:33:32","modified_gmt":"2020-11-30T11:33:32","slug":"gobernanza-y-transparencia","status":"publish","type":"page","link":"https:\/\/www.civiluavsinitiative.com\/gl\/contratacion\/gobernanza-y-transparencia\/","title":{"rendered":"Gobernanza y transparencia"},"content":{"rendered":"<p>[et_pb_section fb_built=&#8221;1&#8243; _builder_version=&#8221;3.29.3&#8243; custom_margin=&#8221;||||false|false&#8221; custom_padding=&#8221;2px||3px||false|false&#8221; fb_built=&#8221;1&#8243; _i=&#8221;0&#8243; _address=&#8221;0&#8243; top_divider_height__hover_enabled=&#8221;off|desktop&#8221;][et_pb_row column_structure=&#8221;1_2,1_2&#8243; make_equal=&#8221;on&#8221; module_class=&#8221;z-index-0&#8243; _builder_version=&#8221;3.29.3&#8243; custom_padding=&#8221;0px||79px|||&#8221; _i=&#8221;0&#8243; _address=&#8221;0.0&#8243;][et_pb_column type=&#8221;1_2&#8243; _builder_version=&#8221;3.29.3&#8243; _i=&#8221;0&#8243; _address=&#8221;0.0.0&#8243;][et_pb_image src=&#8221;https:\/\/www.civiluavsinitiative.com\/wp-content\/uploads\/2019\/12\/i-stock-1132274609.jpg&#8221; alt=&#8221;Gobernanza y transparencia &#8211; El manual de gobernanza que presenta un modelo encaminado a dar respuesta adecuada a los retos de los procesos de gobernanza multiactor, como es la Civil UAVs Initiative (CUI).&#8221; module_class=&#8221;w-100-mob w-img-100-mob&#8221; _builder_version=&#8221;3.29.3&#8243; custom_padding=&#8221;|16px||||&#8221; _i=&#8221;0&#8243; _address=&#8221;0.0.0.0&#8243;][\/et_pb_image][\/et_pb_column][et_pb_column type=&#8221;1_2&#8243; module_class=&#8221;ds-vertical-align&#8221; _builder_version=&#8221;3.29.3&#8243; _i=&#8221;1&#8243; _address=&#8221;0.0.1&#8243;][et_pb_text _builder_version=&#8221;3.29.3&#8243; text_font=&#8221;lubalin bold||||||||&#8221; text_text_color=&#8221;#5ea6e1&#8243; text_font_size=&#8221;33.5px&#8221; text_letter_spacing=&#8221;1.68px&#8221; text_line_height=&#8221;33.5px&#8221; custom_margin=&#8221;||45px|||&#8221; _i=&#8221;0&#8243; _address=&#8221;0.0.1.0&#8243;]<\/p>\n<h1 class=\"inherit\">Gobernanza y transparencia<\/h1>\n<p>[\/et_pb_text][et_pb_text _builder_version=&#8221;3.29.3&#8243; text_font=&#8221;gotham narrow book||||||||&#8221; text_font_size=&#8221;16px&#8221; text_line_height=&#8221;27px&#8221; _i=&#8221;1&#8243; _address=&#8221;0.0.1.1&#8243;]El manual de gobernanza presenta un modelo encaminado a dar respuesta adecuada a los retos de los procesos de gobernanza multiactor, como es la Civil UAVs Initiative. Este manual trata, por un lado, de orientar a todas las entidades colaboradoras en la conducci\u00f3n de sus actividades, toma de decisiones y responsabilidades, siguiendo un enfoque de gobernanza multinivel. Por otro lado, tambi\u00e9n tiene como fin dar a conocer al p\u00fablico y a las partes interesadas, las acciones realizadas por las entidades p\u00fablicas para el fortalecimiento de la participaci\u00f3n de una variedad de actores.<br \/>\n[\/et_pb_text][\/et_pb_column][\/et_pb_row][\/et_pb_section][et_pb_section fb_built=&#8221;1&#8243; _builder_version=&#8221;3.29.3&#8243; custom_margin=&#8221;0px|0px|0px|0px|false|false&#8221; custom_padding=&#8221;1px|0px|0px|0px|false|false&#8221; fb_built=&#8221;1&#8243; _i=&#8221;1&#8243; _address=&#8221;1&#8243; top_divider_height__hover_enabled=&#8221;off|desktop&#8221;][et_pb_row column_structure=&#8221;1_2,1_2&#8243; make_equal=&#8221;on&#8221; module_class=&#8221;custom_row z-index-0&#8243; _builder_version=&#8221;3.29.3&#8243; custom_margin=&#8221;1px|auto|100px|auto||&#8221; custom_padding=&#8221;1px||3px|||&#8221; _i=&#8221;0&#8243; _address=&#8221;1.0&#8243;][et_pb_column type=&#8221;1_2&#8243; module_class=&#8221;ds-vertical-align second-on-mobile&#8221; _builder_version=&#8221;3.29.3&#8243; _i=&#8221;0&#8243; _address=&#8221;1.0.0&#8243;][et_pb_text module_class=&#8221;ds-vertical-align&#8221; _builder_version=&#8221;3.29.3&#8243; text_font=&#8221;gotham narrow book||||||||&#8221; text_font_size=&#8221;16px&#8221; text_line_height=&#8221;27px&#8221; custom_margin=&#8221;-1px|||||&#8221; _i=&#8221;0&#8243; _address=&#8221;1.0.0.0&#8243;]El presente manual tiene su base en el enfoque y los principios del Libro Blanco de la Comisi\u00f3n sobre la Gobernanza Europea (COM\/2001\/0428 final), cuyo objeto es la apertura del proceso de elaboraci\u00f3n de las pol\u00edticas europeas y la asociaci\u00f3n de un mayor n\u00famero de personas y organizaciones en su formulaci\u00f3n. El manual presenta una visi\u00f3n general de la Civil UAVs Initiative y los principios en los que se fundamentan las actividades desarrolladas en su marco. Asimismo, expone los principales actores que toman parte en la iniciativa, recogiendo las responsabilidades generales de cada uno. El documento recopila algunas de las actuaciones de las administraciones p\u00fablicas dirigidas a movilizar el compromiso de las partes y a garantizar la participaci\u00f3n y la transparencia. Finalmente, este manual formula un c\u00f3digo de resoluci\u00f3n de conflictos y un c\u00f3digo de conducta, dirigidos a entidades e individuos, respectivamente, con el fin de dotar a la iniciativa de una necesaria referencia \u00e9tica.<br \/>\n[\/et_pb_text][\/et_pb_column][et_pb_column type=&#8221;1_2&#8243; module_class=&#8221;ds-vertical-align first-on-mobile&#8221; _builder_version=&#8221;3.29.3&#8243; _i=&#8221;1&#8243; _address=&#8221;1.0.1&#8243;][et_pb_image src=&#8221;https:\/\/www.civiluavsinitiative.com\/wp-content\/uploads\/2019\/12\/i-stock-849636584.jpg&#8221; alt=&#8221;Gobernanza y transparencia &#8211; El manual de gobernanza que presenta un modelo encaminado a dar respuesta adecuada a los retos de los procesos de gobernanza multiactor, como es la Civil UAVs Initiative (CUI).&#8221; module_class=&#8221;w-100-mob w-img-100-mob&#8221; _builder_version=&#8221;3.29.3&#8243; _i=&#8221;0&#8243; _address=&#8221;1.0.1.0&#8243;][\/et_pb_image][\/et_pb_column][\/et_pb_row][\/et_pb_section]<\/p>\n","protected":false},"excerpt":{"rendered":"<p>Gobernanza y transparencia El manual de gobernanza presenta un modelo encaminado a dar respuesta adecuada a los retos de los procesos de gobernanza multiactor, como es la Civil UAVs Initiative. Este manual trata, por un lado, de orientar a todas las entidades colaboradoras en la conducci\u00f3n de sus actividades, toma de decisiones y responsabilidades, siguiendo [&hellip;]<\/p>\n","protected":false},"author":3,"featured_media":0,"parent":35252,"menu_order":0,"comment_status":"closed","ping_status":"closed","template":"","meta":{"_et_pb_use_builder":"on","_et_pb_old_content":"<p>[et_pb_section fb_built=\"1\" _builder_version=\"3.29.3\" custom_margin=\"||||false|false\" custom_padding=\"2px||3px||false|false\" fb_built=\"1\" _i=\"0\" _address=\"0\" top_divider_height__hover_enabled=\"off|desktop\"][et_pb_row column_structure=\"1_2,1_2\" make_equal=\"on\" module_class=\"z-index-0\" _builder_version=\"3.29.3\" custom_padding=\"0px||79px|||\" _i=\"0\" _address=\"0.0\"][et_pb_column type=\"1_2\" _builder_version=\"3.29.3\" _i=\"0\" _address=\"0.0.0\"][et_pb_image src=\"https:\/\/www.civiluavsinitiative.com\/wp-content\/uploads\/2019\/12\/i-stock-1132274609.jpg\" alt=\"Gobernanza y transparencia - El manual de gobernanza que presenta un modelo encaminado a dar respuesta adecuada a los retos de los procesos de gobernanza multiactor, como es la Civil UAVs Initiative (CUI).\" module_class=\"w-100-mob w-img-100-mob\" _builder_version=\"3.29.3\" custom_padding=\"|16px||||\" _i=\"0\" _address=\"0.0.0.0\"][\/et_pb_image][\/et_pb_column][et_pb_column type=\"1_2\" module_class=\"ds-vertical-align\" _builder_version=\"3.29.3\" _i=\"1\" _address=\"0.0.1\"][et_pb_text _builder_version=\"3.29.3\" text_font=\"lubalin bold||||||||\" text_text_color=\"#5ea6e1\" text_font_size=\"33.5px\" text_letter_spacing=\"1.68px\" text_line_height=\"33.5px\" custom_margin=\"||45px|||\" _i=\"0\" _address=\"0.0.1.0\"]<\/p><h1 class=\"inherit\">Gobernanza y transparencia<\/h1><p>[\/et_pb_text][et_pb_text _builder_version=\"3.29.3\" text_font=\"gotham narrow book||||||||\" text_font_size=\"16px\" text_line_height=\"27px\" _i=\"1\" _address=\"0.0.1.1\"]<\/p><p>El manual de gobernanza presenta un modelo encaminado a dar respuesta adecuada a los retos de los procesos de gobernanza multiactor, como es la Civil UAVs Initiative. Este manual trata, por un lado, de orientar a todas las entidades colaboradoras en la conducci\u00f3n de sus actividades, toma de decisiones y responsabilidades, siguiendo un enfoque de gobernanza multinivel. Por otro lado, tambi\u00e9n tiene como fin dar a conocer al p\u00fablico y a las partes interesadas, las acciones realizadas por las entidades p\u00fablicas para el fortalecimiento de la participaci\u00f3n de una variedad de actores.<\/p><p>[\/et_pb_text][\/et_pb_column][\/et_pb_row][\/et_pb_section][et_pb_section fb_built=\"1\" _builder_version=\"3.29.3\" custom_margin=\"0px|0px|0px|0px|false|false\" custom_padding=\"1px|0px|0px|0px|false|false\" fb_built=\"1\" _i=\"1\" _address=\"1\" top_divider_height__hover_enabled=\"off|desktop\"][et_pb_row column_structure=\"1_2,1_2\" make_equal=\"on\" module_class=\"custom_row z-index-0\" _builder_version=\"3.29.3\" custom_margin=\"1px|auto|100px|auto||\" custom_padding=\"1px||3px|||\" _i=\"0\" _address=\"1.0\"][et_pb_column type=\"1_2\" module_class=\"ds-vertical-align second-on-mobile\" _builder_version=\"3.29.3\" _i=\"0\" _address=\"1.0.0\"][et_pb_text module_class=\"ds-vertical-align\" _builder_version=\"3.29.3\" text_font=\"gotham narrow book||||||||\" text_font_size=\"16px\" text_line_height=\"27px\" custom_margin=\"-1px|||||\" _i=\"0\" _address=\"1.0.0.0\"]<\/p><p>El presente manual tiene su base en el enfoque y los principios del Libro Blanco de la Comisi\u00f3n sobre la Gobernanza Europea (COM\/2001\/0428 final), cuyo objeto es la apertura del proceso de elaboraci\u00f3n de las pol\u00edticas europeas y la asociaci\u00f3n de un mayor n\u00famero de personas y organizaciones en su formulaci\u00f3n. El manual presenta una visi\u00f3n general de la Civil UAVs Initiative y los principios en los que se fundamentan las actividades desarrolladas en su marco. Asimismo, expone los principales actores que toman parte en la iniciativa, recogiendo las responsabilidades generales de cada uno. El documento recopila algunas de las actuaciones de las administraciones p\u00fablicas dirigidas a movilizar el compromiso de las partes y a garantizar la participaci\u00f3n y la transparencia. Finalmente, este manual formula un c\u00f3digo de resoluci\u00f3n de conflictos y un c\u00f3digo de conducta, dirigidos a entidades e individuos, respectivamente, con el fin de dotar a la iniciativa de una necesaria referencia \u00e9tica.<\/p><p>[\/et_pb_text][\/et_pb_column][et_pb_column type=\"1_2\" module_class=\"ds-vertical-align first-on-mobile\" _builder_version=\"3.29.3\" _i=\"1\" _address=\"1.0.1\"][et_pb_image src=\"https:\/\/www.civiluavsinitiative.com\/wp-content\/uploads\/2019\/12\/i-stock-849636584.jpg\" alt=\"Gobernanza y transparencia - El manual de gobernanza que presenta un modelo encaminado a dar respuesta adecuada a los retos de los procesos de gobernanza multiactor, como es la Civil UAVs Initiative (CUI).\" module_class=\"w-100-mob w-img-100-mob\" _builder_version=\"3.29.3\" _i=\"0\" _address=\"1.0.1.0\"][\/et_pb_image][\/et_pb_column][\/et_pb_row][\/et_pb_section]<\/p>","_et_gb_content_width":""},"acf":[],"yoast_head":"<!-- This site is optimized with the Yoast SEO plugin v20.9 - https:\/\/yoast.com\/wordpress\/plugins\/seo\/ -->\n<title>Civil UAVs Initiative<\/title>\n<meta name=\"description\" content=\"Civil UAVs Initiative, favorece y fomenta el emprendimiento innovador, con el fin de atraer y retener en Galicia talento en el sector aeroespacial.\" \/>\n<meta name=\"robots\" content=\"index, follow, max-snippet:-1, max-image-preview:large, max-video-preview:-1\" \/>\n<link rel=\"canonical\" href=\"https:\/\/www.civiluavsinitiative.com\/contratacion\/gobernanza-y-transparencia\/\" \/>\n<meta property=\"og:locale\" content=\"gl_ES\" \/>\n<meta property=\"og:type\" content=\"article\" \/>\n<meta property=\"og:title\" content=\"Civil UAVs Initiative\" \/>\n<meta property=\"og:description\" content=\"Civil UAVs Initiative, favorece y fomenta el emprendimiento innovador, con el fin de atraer y retener en Galicia talento en el sector aeroespacial.\" \/>\n<meta property=\"og:url\" content=\"https:\/\/www.civiluavsinitiative.com\/contratacion\/gobernanza-y-transparencia\/\" \/>\n<meta property=\"og:site_name\" content=\"Civil UAVs Initiative\" \/>\n<meta property=\"article:modified_time\" content=\"2020-11-30T11:33:32+00:00\" \/>\n<meta name=\"twitter:card\" content=\"summary_large_image\" \/>\n<meta name=\"twitter:label1\" content=\"Tempo de lectura\" \/>\n\t<meta name=\"twitter:data1\" content=\"3 minutos\" \/>\n<script type=\"application\/ld+json\" class=\"yoast-schema-graph\">{\"@context\":\"https:\/\/schema.org\",\"@graph\":[{\"@type\":\"WebPage\",\"@id\":\"https:\/\/www.civiluavsinitiative.com\/contratacion\/gobernanza-y-transparencia\/\",\"url\":\"https:\/\/www.civiluavsinitiative.com\/contratacion\/gobernanza-y-transparencia\/\",\"name\":\"Civil UAVs Initiative\",\"isPartOf\":{\"@id\":\"https:\/\/www.civiluavsinitiative.com\/#website\"},\"datePublished\":\"2020-11-30T11:33:28+00:00\",\"dateModified\":\"2020-11-30T11:33:32+00:00\",\"description\":\"Civil UAVs Initiative, favorece y fomenta el emprendimiento innovador, con el fin de atraer y retener en Galicia talento en el sector aeroespacial.\",\"breadcrumb\":{\"@id\":\"https:\/\/www.civiluavsinitiative.com\/contratacion\/gobernanza-y-transparencia\/#breadcrumb\"},\"inLanguage\":\"gl-ES\",\"potentialAction\":[{\"@type\":\"ReadAction\",\"target\":[\"https:\/\/www.civiluavsinitiative.com\/contratacion\/gobernanza-y-transparencia\/\"]}]},{\"@type\":\"BreadcrumbList\",\"@id\":\"https:\/\/www.civiluavsinitiative.com\/contratacion\/gobernanza-y-transparencia\/#breadcrumb\",\"itemListElement\":[{\"@type\":\"ListItem\",\"position\":1,\"name\":\"Home\",\"item\":\"https:\/\/www.civiluavsinitiative.com\/gl\/\"},{\"@type\":\"ListItem\",\"position\":2,\"name\":\"Contrataci\u00f3n\",\"item\":\"https:\/\/www.civiluavsinitiative.com\/contratacion\/\"},{\"@type\":\"ListItem\",\"position\":3,\"name\":\"Gobernanza y transparencia\"}]},{\"@type\":\"WebSite\",\"@id\":\"https:\/\/www.civiluavsinitiative.com\/#website\",\"url\":\"https:\/\/www.civiluavsinitiative.com\/\",\"name\":\"Civil UAVs Initiative\",\"description\":\"Civil UAVs Initiative, favorece y fomenta el emprendimiento innovador, con el fin de atraer y retener en Galicia talento en el sector aeroespacial.\",\"potentialAction\":[{\"@type\":\"SearchAction\",\"target\":{\"@type\":\"EntryPoint\",\"urlTemplate\":\"https:\/\/www.civiluavsinitiative.com\/?s={search_term_string}\"},\"query-input\":\"required name=search_term_string\"}],\"inLanguage\":\"gl-ES\"}]}<\/script>\n<!-- \/ Yoast SEO plugin. -->","yoast_head_json":{"title":"Civil UAVs Initiative","description":"Civil UAVs Initiative, favorece y fomenta el emprendimiento innovador, con el fin de atraer y retener en Galicia talento en el sector aeroespacial.","robots":{"index":"index","follow":"follow","max-snippet":"max-snippet:-1","max-image-preview":"max-image-preview:large","max-video-preview":"max-video-preview:-1"},"canonical":"https:\/\/www.civiluavsinitiative.com\/contratacion\/gobernanza-y-transparencia\/","og_locale":"gl_ES","og_type":"article","og_title":"Civil UAVs Initiative","og_description":"Civil UAVs Initiative, favorece y fomenta el emprendimiento innovador, con el fin de atraer y retener en Galicia talento en el sector aeroespacial.","og_url":"https:\/\/www.civiluavsinitiative.com\/contratacion\/gobernanza-y-transparencia\/","og_site_name":"Civil UAVs Initiative","article_modified_time":"2020-11-30T11:33:32+00:00","twitter_card":"summary_large_image","twitter_misc":{"Tempo de lectura":"3 minutos"},"schema":{"@context":"https:\/\/schema.org","@graph":[{"@type":"WebPage","@id":"https:\/\/www.civiluavsinitiative.com\/contratacion\/gobernanza-y-transparencia\/","url":"https:\/\/www.civiluavsinitiative.com\/contratacion\/gobernanza-y-transparencia\/","name":"Civil UAVs Initiative","isPartOf":{"@id":"https:\/\/www.civiluavsinitiative.com\/#website"},"datePublished":"2020-11-30T11:33:28+00:00","dateModified":"2020-11-30T11:33:32+00:00","description":"Civil UAVs Initiative, favorece y fomenta el emprendimiento innovador, con el fin de atraer y retener en Galicia talento en el sector aeroespacial.","breadcrumb":{"@id":"https:\/\/www.civiluavsinitiative.com\/contratacion\/gobernanza-y-transparencia\/#breadcrumb"},"inLanguage":"gl-ES","potentialAction":[{"@type":"ReadAction","target":["https:\/\/www.civiluavsinitiative.com\/contratacion\/gobernanza-y-transparencia\/"]}]},{"@type":"BreadcrumbList","@id":"https:\/\/www.civiluavsinitiative.com\/contratacion\/gobernanza-y-transparencia\/#breadcrumb","itemListElement":[{"@type":"ListItem","position":1,"name":"Home","item":"https:\/\/www.civiluavsinitiative.com\/gl\/"},{"@type":"ListItem","position":2,"name":"Contrataci\u00f3n","item":"https:\/\/www.civiluavsinitiative.com\/contratacion\/"},{"@type":"ListItem","position":3,"name":"Gobernanza y transparencia"}]},{"@type":"WebSite","@id":"https:\/\/www.civiluavsinitiative.com\/#website","url":"https:\/\/www.civiluavsinitiative.com\/","name":"Civil UAVs Initiative","description":"Civil UAVs Initiative, favorece y fomenta el emprendimiento innovador, con el fin de atraer y retener en Galicia talento en el sector aeroespacial.","potentialAction":[{"@type":"SearchAction","target":{"@type":"EntryPoint","urlTemplate":"https:\/\/www.civiluavsinitiative.com\/?s={search_term_string}"},"query-input":"required name=search_term_string"}],"inLanguage":"gl-ES"}]}},"_links":{"self":[{"href":"https:\/\/www.civiluavsinitiative.com\/gl\/wp-json\/wp\/v2\/pages\/35262"}],"collection":[{"href":"https:\/\/www.civiluavsinitiative.com\/gl\/wp-json\/wp\/v2\/pages"}],"about":[{"href":"https:\/\/www.civiluavsinitiative.com\/gl\/wp-json\/wp\/v2\/types\/page"}],"author":[{"embeddable":true,"href":"https:\/\/www.civiluavsinitiative.com\/gl\/wp-json\/wp\/v2\/users\/3"}],"replies":[{"embeddable":true,"href":"https:\/\/www.civiluavsinitiative.com\/gl\/wp-json\/wp\/v2\/comments?post=35262"}],"version-history":[{"count":2,"href":"https:\/\/www.civiluavsinitiative.com\/gl\/wp-json\/wp\/v2\/pages\/35262\/revisions"}],"predecessor-version":[{"id":35264,"href":"https:\/\/www.civiluavsinitiative.com\/gl\/wp-json\/wp\/v2\/pages\/35262\/revisions\/35264"}],"up":[{"embeddable":true,"href":"https:\/\/www.civiluavsinitiative.com\/gl\/wp-json\/wp\/v2\/pages\/35252"}],"wp:attachment":[{"href":"https:\/\/www.civiluavsinitiative.com\/gl\/wp-json\/wp\/v2\/media?parent=35262"}],"curies":[{"name":"wp","href":"https:\/\/api.w.org\/{rel}","templated":true}]}}