{"id":35227,"date":"2020-11-30T12:19:43","date_gmt":"2020-11-30T11:19:43","guid":{"rendered":"https:\/\/www.civiluavsinitiative.com\/?page_id=35227"},"modified":"2022-12-27T12:25:51","modified_gmt":"2022-12-27T11:25:51","slug":"home","status":"publish","type":"page","link":"https:\/\/www.civiluavsinitiative.com\/gl\/","title":{"rendered":"Inicio"},"content":{"rendered":"<p>[et_pb_section fb_built=&#8221;1&#8243; _builder_version=&#8221;4.16&#8243; custom_margin=&#8221;0px|0px|0px|0px|false|false&#8221; custom_padding=&#8221;0px|0px|0px|0px|false|false&#8221; global_colors_info=&#8221;{}&#8221;][et_pb_row column_structure=&#8221;1_2,1_2&#8243; use_custom_gutter=&#8221;on&#8221; gutter_width=&#8221;1&#8243; make_equal=&#8221;on&#8221; module_class=&#8221;video-home&#8221; _builder_version=&#8221;4.16&#8243; width=&#8221;100%&#8221; max_width=&#8221;100%&#8221; min_height=&#8221;516px&#8221; custom_margin=&#8221;0px|0px|0px|0px|false|false&#8221; custom_margin_tablet=&#8221;0px||||false|false&#8221; custom_margin_phone=&#8221;0px||||false|false&#8221; custom_margin_last_edited=&#8221;on|desktop&#8221; custom_padding=&#8221;0px|0px|0px|0px|false|false&#8221; global_colors_info=&#8221;{}&#8221;][et_pb_column type=&#8221;1_2&#8243; _builder_version=&#8221;4.16&#8243; global_colors_info=&#8221;{}&#8221;][et_pb_video src=&#8221;https:\/\/www.youtube.com\/watch?v=t_jfNHjYCpQ&#038;t=14s&#8221; _builder_version=&#8221;4.16&#8243; custom_margin=&#8221;0px|0px|0px|0px|false|false&#8221; custom_padding=&#8221;0px|0px|0px|0px|false|false&#8221; global_colors_info=&#8221;{}&#8221;][\/et_pb_video][\/et_pb_column][et_pb_column type=&#8221;1_2&#8243; _builder_version=&#8221;4.16&#8243; custom_padding=&#8221;50px|96px|50px|69px|false|false&#8221; custom_padding_tablet=&#8221;&#8221; custom_padding_phone=&#8221;|0px||30px|false|false&#8221; custom_padding_last_edited=&#8221;on|phone&#8221; global_colors_info=&#8221;{}&#8221;][et_pb_text _builder_version=&#8221;4.16&#8243; text_font=&#8221;lubalin bold||||||||&#8221; text_text_color=&#8221;#5ea6e1&#8243; text_font_size=&#8221;25px&#8221; text_letter_spacing=&#8221;1.75px&#8221; text_line_height=&#8221;49px&#8221; custom_margin=&#8221;-21px||6px|||&#8221; custom_padding=&#8221;0px|1px|19px|||&#8221; text_font_tablet=&#8221;&#8221; text_font_phone=&#8221;&#8221; text_font_last_edited=&#8221;on|phone&#8221; text_letter_spacing_tablet=&#8221;&#8221; text_letter_spacing_phone=&#8221;0.7px&#8221; text_letter_spacing_last_edited=&#8221;on|phone&#8221; text_line_height_tablet=&#8221;&#8221; text_line_height_phone=&#8221;44px&#8221; text_line_height_last_edited=&#8221;on|phone&#8221; global_colors_info=&#8221;{}&#8221;]<\/p>\n<h2 class=\"empr-form-title--home\">Iniciativa de FUTURO<\/h2>\n<p>[\/et_pb_text][et_pb_text _builder_version=&#8221;4.16&#8243; text_font=&#8221;gotham narrow book||||||||&#8221; text_text_color=&#8221;#5a5a5c&#8221; text_line_height=&#8221;27px&#8221; link_font=&#8221;gotham bold||||||||&#8221; link_text_color=&#8221;#589bdb&#8221; link_font_size=&#8221;16px&#8221; link_letter_spacing=&#8221;1px&#8221; max_width=&#8221;80%&#8221; max_width_tablet=&#8221;100%&#8221; max_width_phone=&#8221;&#8221; max_width_last_edited=&#8221;on|tablet&#8221; custom_margin=&#8221;30px|25px|||false|false&#8221; custom_margin_tablet=&#8221;&#8221; custom_margin_phone=&#8221;|0px|||false|false&#8221; custom_margin_last_edited=&#8221;on|phone&#8221; custom_padding=&#8221;||||false|false&#8221; global_colors_info=&#8221;{}&#8221;]<\/p>\n<p>A Civil UAVs Initiative \u00e9 unha iniciativa estrat\u00e9xica pioneira en Europa liderada pola Xunta de Galicia para atraer investimentos no sector aeroespacial e desenvolver soluci\u00f3ns innovadoras no \u00e1mbito da industria de sistemas e veh\u00edculos non tripulados.<\/p>\n<p>O seu obxectivo \u00e9 crear soluci\u00f3ns e produtos innovadores para mellorar a prestaci\u00f3n dos servizos p\u00fablicos, fac\u00e9ndoos m\u00e1is modernos e eficientes.<\/p>\n<p>Impulsada a trav\u00e9s da Compra P\u00fablica de Innovaci\u00f3n (CPI), permitiu atraer a Galicia a grandes compa\u00f1\u00edas multinacionais do sector aeroespacial e logrou xerar e consolidar tecido industrial en torno ao Polo Aeroespacial de Galicia.<\/p>\n<p>A Civil UAVs Initiative propiciou a creaci\u00f3n dun ecosistema de innovaci\u00f3n capaz de xerar novas ideas e de atraer e reter capital humano altamente cualificado e especializado en Galicia.<\/p>\n<p>No marco desta iniciativa participan <strong>m\u00e1is de 50 axentes<\/strong> (universidades, centros de co\u00f1ecemento, empresas tractoras e pemes), estanse a desenvolver <strong>m\u00e1is de 35 proxectos de I+D+i<\/strong> coa participaci\u00f3n de m\u00e1is de <strong>400<\/strong> <strong>persoas<\/strong> altamente cualificadas e estase a realizar un <strong>investimento p\u00fablico-privado de 164 mill\u00f3ns de euros<\/strong><\/p>\n<p>[\/et_pb_text][\/et_pb_column][\/et_pb_row][\/et_pb_section][et_pb_section fb_built=&#8221;1&#8243; custom_padding_last_edited=&#8221;on|phone&#8221; _builder_version=&#8221;4.16&#8243; background_color=&#8221;#d1d1d1&#8243; width=&#8221;100%&#8221; custom_margin=&#8221;-2px|||||&#8221; custom_padding=&#8221;75px||75px||false|false&#8221; custom_padding_tablet=&#8221;&#8221; custom_padding_phone=&#8221;||64px||false|false&#8221; saved_tabs=&#8221;all&#8221; global_colors_info=&#8221;{}&#8221;][et_pb_row column_structure=&#8221;1_4,1_4,1_4,1_4&#8243; use_custom_gutter=&#8221;on&#8221; module_class=&#8221;bloque-3-home&#8221; _builder_version=&#8221;4.16&#8243; custom_margin=&#8221;|auto|-4px|auto||&#8221; custom_padding=&#8221;0px||0px|||&#8221; global_colors_info=&#8221;{}&#8221;][et_pb_column type=&#8221;1_4&#8243; _builder_version=&#8221;4.16&#8243; global_colors_info=&#8221;{}&#8221;][et_pb_image src=&#8221;https:\/\/www.civiluavsinitiative.com\/wp-content\/uploads\/2022\/12\/Seleccion_081.png&#8221; alt=&#8221;Optimizaci\u00f3n de los servicios p\u00fablicos&#8221; title_text=&#8221;Seleccion_081&#8243; admin_label=&#8221;Optimizaci\u00f3n de los servicios p\u00fablicos&#8221; _builder_version=&#8221;4.19.4&#8243; custom_margin=&#8221;||0px||false|false&#8221; custom_padding=&#8221;||0px|||&#8221; global_colors_info=&#8221;{}&#8221;][\/et_pb_image][et_pb_text module_class=&#8221;h2text&#8221; _builder_version=&#8221;4.16&#8243; text_font=&#8221;lubalinbook||||||||&#8221; text_text_color=&#8221;#504f51&#8243; text_font_size=&#8221;18px&#8221; text_line_height=&#8221;28px&#8221; custom_margin=&#8221;-25px|-17px|0px|0px|false|false&#8221; custom_padding=&#8221;40px|0px|0px|44px|false|false&#8221; global_colors_info=&#8221;{}&#8221;]<\/p>\n<h2 class=\"inherit\">Innovaci\u00f3n na prestaci\u00f3n dos servizos p\u00fablicos<\/h2>\n<p>[\/et_pb_text][\/et_pb_column][et_pb_column type=&#8221;1_4&#8243; _builder_version=&#8221;4.16&#8243; global_colors_info=&#8221;{}&#8221;][et_pb_image src=&#8221;https:\/\/www.civiluavsinitiative.com\/wp-content\/uploads\/2022\/12\/Seleccion_082.png&#8221; alt=&#8221;Dinamizaci\u00f3n e Impulso al avance de tecnolog\u00edas&#8221; title_text=&#8221;Seleccion_082&#8243; _builder_version=&#8221;4.19.4&#8243; custom_margin=&#8221;||0px||false|false&#8221; custom_padding=&#8221;||0px|||&#8221; global_colors_info=&#8221;{}&#8221;][\/et_pb_image][et_pb_text module_class=&#8221;h2text&#8221; _builder_version=&#8221;4.16&#8243; text_font=&#8221;lubalinbook||||||||&#8221; text_font_size=&#8221;18px&#8221; text_line_height=&#8221;28px&#8221; custom_margin=&#8221;-25px|-17px|0px|0px|false|false&#8221; custom_padding=&#8221;40px|0px|0px|44px|false|false&#8221; global_colors_info=&#8221;{}&#8221;]<\/p>\n<h2 class=\"inherit\">Impulso a un segmento de mercado de alta tecnolox\u00eda<\/h2>\n<p>[\/et_pb_text][\/et_pb_column][et_pb_column type=&#8221;1_4&#8243; _builder_version=&#8221;4.16&#8243; global_colors_info=&#8221;{}&#8221;][et_pb_image src=&#8221;https:\/\/www.civiluavsinitiative.com\/wp-content\/uploads\/2022\/12\/Seleccion_083.png&#8221; alt=&#8221;Atracci\u00f3n de capital innovador&#8221; title_text=&#8221;Seleccion_083&#8243; _builder_version=&#8221;4.19.4&#8243; custom_margin=&#8221;||0px||false|false&#8221; custom_padding=&#8221;||0px|||&#8221; global_colors_info=&#8221;{}&#8221;][\/et_pb_image][et_pb_text module_class=&#8221;h2text&#8221; _builder_version=&#8221;4.16&#8243; text_font=&#8221;lubalinbook||||||||&#8221; text_font_size=&#8221;18px&#8221; text_line_height=&#8221;28px&#8221; custom_margin=&#8221;-25px|-17px|0px|0px|false|false&#8221; custom_padding=&#8221;40px|0px|0px|44px|false|false&#8221; global_colors_info=&#8221;{}&#8221;]<\/p>\n<h2 class=\"inherit\">Atracci\u00f3n de investimento no sector aeroespacial<\/h2>\n<p>[\/et_pb_text][\/et_pb_column][et_pb_column type=&#8221;1_4&#8243; _builder_version=&#8221;4.16&#8243; global_colors_info=&#8221;{}&#8221;][et_pb_image src=&#8221;https:\/\/www.civiluavsinitiative.com\/wp-content\/uploads\/2022\/12\/Seleccion_084.png&#8221; alt=&#8221;Dinamizaci\u00f3n y diversificaci\u00f3n del tejido empresarial local&#8221; title_text=&#8221;Seleccion_084&#8243; _builder_version=&#8221;4.19.4&#8243; custom_margin=&#8221;||0px||false|false&#8221; custom_padding=&#8221;||0px|||&#8221; global_colors_info=&#8221;{}&#8221;][\/et_pb_image][et_pb_text module_class=&#8221;h2text&#8221; _builder_version=&#8221;4.16&#8243; text_font=&#8221;lubalinbook||||||||&#8221; text_font_size=&#8221;18px&#8221; text_line_height=&#8221;28px&#8221; custom_margin=&#8221;-25px|-17px|0px|0px|false|false&#8221; custom_padding=&#8221;40px|0px|0px|44px|false|false&#8221; global_colors_info=&#8221;{}&#8221;]<\/p>\n<h2 class=\"inherit\">Dinamizaci\u00f3n e diversificaci\u00f3n do tecido empresarial local<\/h2>\n<p>[\/et_pb_text][\/et_pb_column][\/et_pb_row][\/et_pb_section][et_pb_section fb_built=&#8221;1&#8243; custom_padding_last_edited=&#8221;on|phone&#8221; _builder_version=&#8221;4.16&#8243; custom_padding=&#8221;100px||3px|||&#8221; custom_padding_tablet=&#8221;&#8221; custom_padding_phone=&#8221;64px||||false|false&#8221; top_divider_height_tablet=&#8221;&#8221; top_divider_height_phone=&#8221;64px&#8221; top_divider_height_last_edited=&#8221;on|phone&#8221; global_colors_info=&#8221;{}&#8221;][et_pb_row column_structure=&#8221;1_2,1_2&#8243; custom_padding_last_edited=&#8221;on|phone&#8221; module_class=&#8221;emprendimiento-seccion-home&#8221; _builder_version=&#8221;4.16&#8243; custom_padding=&#8221;0px|0px|100px||false|false&#8221; custom_padding_tablet=&#8221;&#8221; custom_padding_phone=&#8221;||65px||false|false&#8221; global_colors_info=&#8221;{}&#8221;][et_pb_column type=&#8221;1_2&#8243; _builder_version=&#8221;4.16&#8243; global_colors_info=&#8221;{}&#8221;][et_pb_text _builder_version=&#8221;4.16&#8243; text_font=&#8221;lubalin bold||||||||&#8221; text_text_color=&#8221;#5ea6e1&#8243; text_font_size=&#8221;25px&#8221; text_letter_spacing=&#8221;1.75px&#8221; text_line_height=&#8221;49px&#8221; custom_margin=&#8221;||6px|||&#8221; custom_padding=&#8221;0px|1px|19px|||&#8221; text_font_tablet=&#8221;&#8221; text_font_phone=&#8221;&#8221; text_font_last_edited=&#8221;on|phone&#8221; text_letter_spacing_tablet=&#8221;&#8221; text_letter_spacing_phone=&#8221;0.7px&#8221; text_letter_spacing_last_edited=&#8221;on|phone&#8221; text_line_height_tablet=&#8221;&#8221; text_line_height_phone=&#8221;44px&#8221; text_line_height_last_edited=&#8221;on|phone&#8221; global_colors_info=&#8221;{}&#8221;]<\/p>\n<h2 class=\"empr-form-title--home\">Emprendemento<br \/>e talento<\/h2>\n<p>[\/et_pb_text][et_pb_text _builder_version=&#8221;4.16&#8243; custom_margin=&#8221;||0px|||&#8221; custom_padding=&#8221;||17px|||&#8221; hover_enabled=&#8221;0&#8243; global_colors_info=&#8221;{}&#8221; sticky_enabled=&#8221;0&#8243;]<\/p>\n<p>Favorecer o desenvolvemento e crecemento de empresas e fomentar o emprendemento innovador no sector aeroespacial \u00e9 o obxectivo principal do programa de Emprendemento e talento da Civil UAVs Initiative.<br \/>A Business Factory Aero (BFAero), que forma parte deste programa, est\u00e1 orientada a promover a creaci\u00f3n e aceleraci\u00f3n de empresas innovadoras en Galicia, que poidan completar a cadea de valor do sector aeroespacial.<br \/>En Galicia, ademais, contamos con programas formativos para consolidar, a medio e longo prazo, un ecosistema innovador con capacidade para xerar, atraer e reter talento.<\/p>\n<p>[\/et_pb_text][et_pb_text _builder_version=&#8221;4.19.4&#8243; custom_margin=&#8221;-3px|||15px|false|false&#8221; custom_padding=&#8221;||0px|||&#8221; global_colors_info=&#8221;{}&#8221;]<\/p>\n<ul class=\"ownbullet\">\n<li><strong>M\u00e1ster en Operaci\u00f3ns e Enxe\u00f1ar\u00eda de Sistemas A\u00e9reos non Tripulados das <a target=\"_blank\" href=\"http:\/\/aero.uvigo.es\/gl\/estudos\/master-oesant\/\" rel=\"noopener\">Universidades de Vigo<\/a> e <a target=\"_blank\" href=\"https:\/\/www.usc.gal\/gl\/estudos\/masteres\/enxenaria-arquitectura\/master-universitario-operacions-enxenaria-sistemas-aereos\" rel=\"noopener\">Santiago de Compostela<\/a><br \/><\/strong><\/li>\n<li><a target=\"_blank\" href=\"http:\/\/aero.uvigo.es\/gl\/estudos\/grao-en-enxenaria-aeroespacial\/\" rel=\"noopener\"><strong>Grao de Enxe\u00f1ar\u00eda Aeroespacial na Escola de Enxe\u00f1ar\u00eda Aeron\u00e1utica e do Espazo do campus de Ourense da Universidade de Vigo.<\/strong><\/a><\/li>\n<li><a target=\"_blank\" href=\"http:\/\/www.cifpasmercedes.org\/index.php\/\u00e9\/oferta-formativa\/rexime-ordinaro\" rel=\"noopener\"><strong>Ciclo Superior de Mantemento Aeromec\u00e1nico no CIFP As Mercedes, de Lugo.<\/strong><\/a><\/li>\n<\/ul>\n<p>[\/et_pb_text][\/et_pb_column][et_pb_column type=&#8221;1_2&#8243; _builder_version=&#8221;4.16&#8243; global_colors_info=&#8221;{}&#8221;][et_pb_image src=&#8221;https:\/\/www.civiluavsinitiative.com\/wp-content\/uploads\/2019\/10\/img-emprendimiento.jpg&#8221; alt=&#8221;Emprendimiento y formaci\u00f3n&#8221; _builder_version=&#8221;4.16&#8243; custom_margin=&#8221;0px|0px|-4px|0px|false|false&#8221; custom_padding=&#8221;0px|0px|0px|0px|false|false&#8221; global_colors_info=&#8221;{}&#8221;][\/et_pb_image][\/et_pb_column][\/et_pb_row][\/et_pb_section][et_pb_section fb_built=&#8221;1&#8243; custom_padding_last_edited=&#8221;on|tablet&#8221; _builder_version=&#8221;4.16&#8243; background_image=&#8221;https:\/\/www.civiluavsinitiative.com\/wp-content\/uploads\/2020\/01\/bg-inversion2.jpg&#8221; min_height=&#8221;526px&#8221; custom_margin=&#8221;||-26px|||&#8221; custom_padding=&#8221;116px||186px|||&#8221; custom_padding_tablet=&#8221;270px||270px||true|false&#8221; custom_padding_phone=&#8221;170px||170px||true|false&#8221; background_last_edited=&#8221;on|tablet&#8221; background_image_tablet=&#8221;https:\/\/www.civiluavsinitiative.com\/wp-content\/uploads\/2019\/12\/bg-inversion.jpg&#8221; background_enable_image_tablet=&#8221;on&#8221; global_colors_info=&#8221;{}&#8221;][et_pb_row _builder_version=&#8221;4.16&#8243; min_height=&#8221;118px&#8221; custom_padding=&#8221;30px||0px|||&#8221; global_colors_info=&#8221;{}&#8221;][et_pb_column type=&#8221;4_4&#8243; _builder_version=&#8221;4.16&#8243; global_colors_info=&#8221;{}&#8221;][et_pb_text _builder_version=&#8221;4.16&#8243; text_font=&#8221;lubalin bold||||||||&#8221; text_text_color=&#8221;#ffffff&#8221; text_font_size=&#8221;37px&#8221; text_letter_spacing=&#8221;4.2px&#8221; text_orientation=&#8221;center&#8221; custom_padding=&#8221;2px|||||&#8221; text_font_tablet=&#8221;&#8221; text_font_phone=&#8221;&#8221; text_font_last_edited=&#8221;on|phone&#8221; global_colors_info=&#8221;{}&#8221;]<\/p>\n<p>INVESTIMENTO<\/p>\n<p>[\/et_pb_text][et_pb_text _builder_version=&#8221;4.16&#8243; text_font=&#8221;gotham medium|600|||||||&#8221; text_text_color=&#8221;#ffffff&#8221; text_font_size=&#8221;18px&#8221; text_line_height=&#8221;23px&#8221; text_orientation=&#8221;center&#8221; custom_margin=&#8221;||0px|||&#8221; custom_margin_tablet=&#8221;&#8221; custom_margin_phone=&#8221;&#8221; custom_margin_last_edited=&#8221;on|phone&#8221; custom_padding=&#8221;|0%|0px|0%|false|true&#8221; text_font_tablet=&#8221;&#8221; text_font_phone=&#8221;gotham medium||||||||&#8221; text_font_last_edited=&#8221;on|phone&#8221; global_colors_info=&#8221;{}&#8221;]<\/p>\n<p>A trav\u00e9s dun apoio integral, a industria aeroespacial atopou en Galicia un lugar id\u00f3neo para instalarse, investir e desenvolver a s\u00faa investigaci\u00f3n e innovaci\u00f3n.<\/p>\n<p>&nbsp;<\/p>\n<p>[\/et_pb_text][et_pb_text _builder_version=&#8221;4.16&#8243; text_font=&#8221;gotham book|600|||||||&#8221; text_text_color=&#8221;#ffffff&#8221; text_orientation=&#8221;center&#8221; custom_padding=&#8221;|15%|0px|15%|false|false&#8221; global_colors_info=&#8221;{}&#8221;]<\/p>\n<p><a class=\"readmore_link_white\" href=\"https:\/\/www.civiluavsinitiative.com\/gl\/un-polo-de-atraccion-para-el-sector\/?preview_id=35367&amp;preview_nonce=2942604a9e&amp;_thumbnail_id=-1&amp;preview=true\">Saber m\u00e1is<\/a><\/p>\n<p>[\/et_pb_text][\/et_pb_column][\/et_pb_row][\/et_pb_section][et_pb_section fb_built=&#8221;1&#8243; _builder_version=&#8221;4.16&#8243; custom_margin=&#8221;-32px|||||&#8221; top_divider_height_tablet=&#8221;&#8221; top_divider_height_phone=&#8221;72px&#8221; top_divider_height_last_edited=&#8221;on|phone&#8221; global_colors_info=&#8221;{}&#8221;][et_pb_row _builder_version=&#8221;4.16&#8243; custom_padding=&#8221;0px||2px|||&#8221; global_colors_info=&#8221;{}&#8221;][et_pb_column type=&#8221;4_4&#8243; _builder_version=&#8221;4.16&#8243; global_colors_info=&#8221;{}&#8221;][et_pb_text _builder_version=&#8221;4.16&#8243; text_font=&#8221;lubalinbook|700|||||||&#8221; text_font_size=&#8221;18px&#8221; text_line_height=&#8221;25px&#8221; custom_margin=&#8221;||-2px|||&#8221; custom_padding=&#8221;||0px|||&#8221; global_colors_info=&#8221;{}&#8221;]<\/p>\n<h2>Pr\u00f3ximos Eventos<\/h2>\n<p>[\/et_pb_text][\/et_pb_column][\/et_pb_row][et_pb_row _builder_version=&#8221;4.16&#8243; min_height=&#8221;138px&#8221; custom_margin=&#8221;|auto|36px|auto|false|false&#8221; custom_margin_tablet=&#8221;&#8221; custom_margin_phone=&#8221;||10px||false|false&#8221; custom_margin_last_edited=&#8221;on|phone&#8221; custom_padding=&#8221;25px||||false|false&#8221; global_colors_info=&#8221;{}&#8221;][et_pb_column type=&#8221;4_4&#8243; _builder_version=&#8221;4.16&#8243; global_colors_info=&#8221;{}&#8221;][et_pb_text _builder_version=&#8221;4.16&#8243; custom_margin=&#8221;||-2px|||&#8221; custom_padding=&#8221;0px|||||&#8221; global_colors_info=&#8221;{}&#8221;]<div class=\"eventos_general\">\n    <div class=\"slick-eventos\">\n    not posts found    <\/div>\n<\/div>\n<script>\n    jQuery(document).ready(function () {\n        jQuery('.slick-eventos').slick({\n            arrows: true,\n            slidesPerRow: 3,\n            dots: false,\n            slidesToShow: 1,\n            touchThreshold: 500,\n            infinite: false,\n            responsive: [\n                {\n                    breakpoint: 769,\n                    settings: {\n                        slidesPerRow: 2,\n                        slidesToShow: 1,\n                    }\n                },\n                {\n                    breakpoint: 440,\n                    settings: {\n                        slidesPerRow: 1,\n                        slidesToShow: 1,\n                    }\n                }\n            ]\n        });\n    });\n<\/script>[\/et_pb_text][\/et_pb_column][\/et_pb_row][\/et_pb_section]<\/p>\n","protected":false},"excerpt":{"rendered":"<p>Iniciativa de FUTURO A Civil UAVs Initiative \u00e9 unha iniciativa estrat\u00e9xica pioneira en Europa liderada pola Xunta de Galicia para atraer investimentos no sector aeroespacial e desenvolver soluci\u00f3ns innovadoras no \u00e1mbito da industria de sistemas e veh\u00edculos non tripulados. O seu obxectivo \u00e9 crear soluci\u00f3ns e produtos innovadores para mellorar a prestaci\u00f3n dos servizos p\u00fablicos, [&hellip;]<\/p>\n","protected":false},"author":3,"featured_media":0,"parent":0,"menu_order":0,"comment_status":"closed","ping_status":"closed","template":"","meta":{"_et_pb_use_builder":"on","_et_pb_old_content":"","_et_gb_content_width":""},"acf":[],"yoast_head":"<!-- This site is optimized with the Yoast SEO plugin v20.9 - https:\/\/yoast.com\/wordpress\/plugins\/seo\/ -->\n<title>Civil UAVs Initiative<\/title>\n<meta name=\"description\" content=\"Civil UAVs Initiative, favorece y fomenta el emprendimiento innovador, con el fin de atraer y retener en Galicia talento en el sector aeroespacial.\" \/>\n<meta name=\"robots\" content=\"index, follow, max-snippet:-1, max-image-preview:large, max-video-preview:-1\" \/>\n<link rel=\"canonical\" href=\"https:\/\/www.civiluavsinitiative.com\/gl\/\" \/>\n<meta property=\"og:locale\" content=\"gl_ES\" \/>\n<meta property=\"og:type\" content=\"article\" \/>\n<meta property=\"og:title\" content=\"Civil UAVs Initiative\" \/>\n<meta property=\"og:description\" content=\"Civil UAVs Initiative, favorece y fomenta el emprendimiento innovador, con el fin de atraer y retener en Galicia talento en el sector aeroespacial.\" \/>\n<meta property=\"og:url\" content=\"https:\/\/www.civiluavsinitiative.com\/gl\/\" \/>\n<meta property=\"og:site_name\" content=\"Civil UAVs Initiative\" \/>\n<meta property=\"article:modified_time\" content=\"2022-12-27T11:25:51+00:00\" \/>\n<meta name=\"twitter:card\" content=\"summary_large_image\" \/>\n<meta name=\"twitter:label1\" content=\"Tempo de lectura\" \/>\n\t<meta name=\"twitter:data1\" content=\"4 minutos\" \/>\n<script type=\"application\/ld+json\" class=\"yoast-schema-graph\">{\"@context\":\"https:\/\/schema.org\",\"@graph\":[{\"@type\":\"WebPage\",\"@id\":\"https:\/\/www.civiluavsinitiative.com\/gl\/\",\"url\":\"https:\/\/www.civiluavsinitiative.com\/gl\/\",\"name\":\"Civil UAVs Initiative\",\"isPartOf\":{\"@id\":\"https:\/\/www.civiluavsinitiative.com\/#website\"},\"datePublished\":\"2020-11-30T11:19:43+00:00\",\"dateModified\":\"2022-12-27T11:25:51+00:00\",\"description\":\"Civil UAVs Initiative, favorece y fomenta el emprendimiento innovador, con el fin de atraer y retener en Galicia talento en el sector aeroespacial.\",\"breadcrumb\":{\"@id\":\"https:\/\/www.civiluavsinitiative.com\/gl\/#breadcrumb\"},\"inLanguage\":\"gl-ES\",\"potentialAction\":[{\"@type\":\"ReadAction\",\"target\":[\"https:\/\/www.civiluavsinitiative.com\/gl\/\"]}]},{\"@type\":\"BreadcrumbList\",\"@id\":\"https:\/\/www.civiluavsinitiative.com\/gl\/#breadcrumb\",\"itemListElement\":[{\"@type\":\"ListItem\",\"position\":1,\"name\":\"Home\",\"item\":\"https:\/\/www.civiluavsinitiative.com\/gl\/\"},{\"@type\":\"ListItem\",\"position\":2,\"name\":\"Inicio\"}]},{\"@type\":\"WebSite\",\"@id\":\"https:\/\/www.civiluavsinitiative.com\/#website\",\"url\":\"https:\/\/www.civiluavsinitiative.com\/\",\"name\":\"Civil UAVs Initiative\",\"description\":\"Civil UAVs Initiative, favorece y fomenta el emprendimiento innovador, con el fin de atraer y retener en Galicia talento en el sector aeroespacial.\",\"potentialAction\":[{\"@type\":\"SearchAction\",\"target\":{\"@type\":\"EntryPoint\",\"urlTemplate\":\"https:\/\/www.civiluavsinitiative.com\/?s={search_term_string}\"},\"query-input\":\"required name=search_term_string\"}],\"inLanguage\":\"gl-ES\"}]}<\/script>\n<!-- \/ Yoast SEO plugin. -->","yoast_head_json":{"title":"Civil UAVs Initiative","description":"Civil UAVs Initiative, favorece y fomenta el emprendimiento innovador, con el fin de atraer y retener en Galicia talento en el sector aeroespacial.","robots":{"index":"index","follow":"follow","max-snippet":"max-snippet:-1","max-image-preview":"max-image-preview:large","max-video-preview":"max-video-preview:-1"},"canonical":"https:\/\/www.civiluavsinitiative.com\/gl\/","og_locale":"gl_ES","og_type":"article","og_title":"Civil UAVs Initiative","og_description":"Civil UAVs Initiative, favorece y fomenta el emprendimiento innovador, con el fin de atraer y retener en Galicia talento en el sector aeroespacial.","og_url":"https:\/\/www.civiluavsinitiative.com\/gl\/","og_site_name":"Civil UAVs Initiative","article_modified_time":"2022-12-27T11:25:51+00:00","twitter_card":"summary_large_image","twitter_misc":{"Tempo de lectura":"4 minutos"},"schema":{"@context":"https:\/\/schema.org","@graph":[{"@type":"WebPage","@id":"https:\/\/www.civiluavsinitiative.com\/gl\/","url":"https:\/\/www.civiluavsinitiative.com\/gl\/","name":"Civil UAVs Initiative","isPartOf":{"@id":"https:\/\/www.civiluavsinitiative.com\/#website"},"datePublished":"2020-11-30T11:19:43+00:00","dateModified":"2022-12-27T11:25:51+00:00","description":"Civil UAVs Initiative, favorece y fomenta el emprendimiento innovador, con el fin de atraer y retener en Galicia talento en el sector aeroespacial.","breadcrumb":{"@id":"https:\/\/www.civiluavsinitiative.com\/gl\/#breadcrumb"},"inLanguage":"gl-ES","potentialAction":[{"@type":"ReadAction","target":["https:\/\/www.civiluavsinitiative.com\/gl\/"]}]},{"@type":"BreadcrumbList","@id":"https:\/\/www.civiluavsinitiative.com\/gl\/#breadcrumb","itemListElement":[{"@type":"ListItem","position":1,"name":"Home","item":"https:\/\/www.civiluavsinitiative.com\/gl\/"},{"@type":"ListItem","position":2,"name":"Inicio"}]},{"@type":"WebSite","@id":"https:\/\/www.civiluavsinitiative.com\/#website","url":"https:\/\/www.civiluavsinitiative.com\/","name":"Civil UAVs Initiative","description":"Civil UAVs Initiative, favorece y fomenta el emprendimiento innovador, con el fin de atraer y retener en Galicia talento en el sector aeroespacial.","potentialAction":[{"@type":"SearchAction","target":{"@type":"EntryPoint","urlTemplate":"https:\/\/www.civiluavsinitiative.com\/?s={search_term_string}"},"query-input":"required name=search_term_string"}],"inLanguage":"gl-ES"}]}},"_links":{"self":[{"href":"https:\/\/www.civiluavsinitiative.com\/gl\/wp-json\/wp\/v2\/pages\/35227"}],"collection":[{"href":"https:\/\/www.civiluavsinitiative.com\/gl\/wp-json\/wp\/v2\/pages"}],"about":[{"href":"https:\/\/www.civiluavsinitiative.com\/gl\/wp-json\/wp\/v2\/types\/page"}],"author":[{"embeddable":true,"href":"https:\/\/www.civiluavsinitiative.com\/gl\/wp-json\/wp\/v2\/users\/3"}],"replies":[{"embeddable":true,"href":"https:\/\/www.civiluavsinitiative.com\/gl\/wp-json\/wp\/v2\/comments?post=35227"}],"version-history":[{"count":18,"href":"https:\/\/www.civiluavsinitiative.com\/gl\/wp-json\/wp\/v2\/pages\/35227\/revisions"}],"predecessor-version":[{"id":40669,"href":"https:\/\/www.civiluavsinitiative.com\/gl\/wp-json\/wp\/v2\/pages\/35227\/revisions\/40669"}],"wp:attachment":[{"href":"https:\/\/www.civiluavsinitiative.com\/gl\/wp-json\/wp\/v2\/media?parent=35227"}],"curies":[{"name":"wp","href":"https:\/\/api.w.org\/{rel}","templated":true}]}}