{"id":35378,"date":"2020-11-30T13:15:32","date_gmt":"2020-11-30T12:15:32","guid":{"rendered":"https:\/\/www.civiluavsinitiative.com\/?page_id=35378"},"modified":"2021-03-16T13:29:33","modified_gmt":"2021-03-16T12:29:33","slug":"scientific-technological-vocations","status":"publish","type":"page","link":"https:\/\/www.civiluavsinitiative.com\/en\/scientific-technological-vocations\/","title":{"rendered":"Scientific-Technological Vocations"},"content":{"rendered":"<p>[et_pb_section fb_built=&#8221;1&#8243; _builder_version=&#8221;3.29.3&#8243; custom_margin=&#8221;0px|0px|0px|0px|false|false&#8221; custom_padding=&#8221;0px|0px|0px|0px|false|false&#8221; fb_built=&#8221;1&#8243; _i=&#8221;0&#8243; _address=&#8221;0&#8243; top_divider_height__hover_enabled=&#8221;off|desktop&#8221;][et_pb_row column_structure=&#8221;1_2,1_2&#8243; make_equal=&#8221;on&#8221; module_class=&#8221;z-index-0&#8243; _builder_version=&#8221;3.29.3&#8243; custom_margin=&#8221;1px|auto|12px|auto||&#8221; custom_padding=&#8221;1px||3px|||&#8221; _i=&#8221;0&#8243; _address=&#8221;0.0&#8243;][et_pb_column type=&#8221;1_2&#8243; _builder_version=&#8221;3.29.3&#8243; _i=&#8221;0&#8243; _address=&#8221;0.0.0&#8243;][et_pb_image src=&#8221;https:\/\/www.civiluavsinitiative.com\/wp-content\/uploads\/2020\/03\/IMG_20191027_162607.jpg&#8221; alt=&#8221;VOCACI\u00d3N CIENT\u00cdFICO-TECNOL\u00d3GICA&#8221; module_class=&#8221;w-100-mob w-img-100-mob&#8221; _builder_version=&#8221;3.29.3&#8243; min_height=&#8221;317px&#8221; custom_margin=&#8221;18px||15px|||&#8221; _i=&#8221;0&#8243; _address=&#8221;0.0.0.0&#8243;][\/et_pb_image][\/et_pb_column][et_pb_column type=&#8221;1_2&#8243; module_class=&#8221;ds-vertical-align&#8221; _builder_version=&#8221;3.29.3&#8243; _i=&#8221;1&#8243; _address=&#8221;0.0.1&#8243;][et_pb_text _builder_version=&#8221;3.29.3&#8243; text_font=&#8221;lubalin bold||||||||&#8221; text_text_color=&#8221;#589bdb&#8221; text_font_size=&#8221;33.5px&#8221; text_letter_spacing=&#8221;1.68px&#8221; text_line_height=&#8221;33.5px&#8221; custom_margin=&#8221;-1px|||||&#8221; _i=&#8221;0&#8243; _address=&#8221;0.0.1.0&#8243;]<\/p>\n<h1 class=\"inherit\">Program for the promotion of scientific and technological vocations &#8220;Flying high, combining vocations&#8221;<\/h1>\n<p>[\/et_pb_text][et_pb_text _builder_version=&#8221;3.29.3&#8243; text_font=&#8221;gotham narrow book||||||||&#8221; text_line_height=&#8221;25px&#8221; custom_margin=&#8221;-1px|||||&#8221; _i=&#8221;1&#8243; _address=&#8221;0.0.1.1&#8243;]<\/p>\n<p>The program <em>Flying high, combining vocations<\/em>, a comprehensive program of activities for the promotion of scientific and technological vocations is being developed within the framework of the Civil UAVs Initiative, with the collaboration of Boeing, Indra and Babcock. Its objective is to stimulate youth interest in STEM careers.<\/p>\n<p>[\/et_pb_text][\/et_pb_column][\/et_pb_row][et_pb_row column_structure=&#8221;1_2,1_2&#8243; make_equal=&#8221;on&#8221; module_class=&#8221;custom_row z-index-0&#8243; _builder_version=&#8221;3.29.3&#8243; min_height=&#8221;295px&#8221; custom_margin=&#8221;1px|auto|92px|auto||&#8221; custom_padding=&#8221;1px||3px|||&#8221; _i=&#8221;1&#8243; _address=&#8221;0.1&#8243;][et_pb_column type=&#8221;1_2&#8243; module_class=&#8221;ds-vertical-align second-on-mobile&#8221; _builder_version=&#8221;3.29.3&#8243; _i=&#8221;0&#8243; _address=&#8221;0.1.0&#8243;][et_pb_text module_class=&#8221;ds-vertical-align&#8221; _builder_version=&#8221;3.29.3&#8243; text_font=&#8221;gotham narrow book||||||||&#8221; text_line_height=&#8221;25px&#8221; min_height=&#8221;286px&#8221; custom_margin=&#8221;-1px|||||&#8221; custom_padding=&#8221;0px||0px|||&#8221; _i=&#8221;0&#8243; _address=&#8221;0.1.0.0&#8243;]<\/p>\n<p>The activities, carried out in 2019-2020 and 2020-2021, are aimed at students from primary, secondary, higher secondary school, those in vocational training and special education cycles, as well as for university students. It also includes actions open to all kinds of audiences.<\/p>\n<p>The <em>Flying high, combining vocation<\/em>s program is supported by the Regional Ministry of Education, Universities and Vocational Training, the National Institute of Aerospace Technology (INTA) and the Rozas Aeronautics Research Centre (CIAR).<\/p>\n<p>[\/et_pb_text][\/et_pb_column][et_pb_column type=&#8221;1_2&#8243; module_class=&#8221;ds-vertical-align first-on-mobile&#8221; _builder_version=&#8221;3.29.3&#8243; _i=&#8221;1&#8243; _address=&#8221;0.1.1&#8243;][et_pb_image src=&#8221;https:\/\/www.civiluavsinitiative.com\/wp-content\/uploads\/2020\/03\/DSC_0047.jpg&#8221; alt=&#8221;El programa de Vocaciones Cient\u00edficas cuenta con la activa participaci\u00f3n de las organizaciones implicadas en la Iniciativa, quienes est\u00e1n realizando, o tienen planificadas, diversas actividades en el \u00e1mbito de la ense\u00f1anza reglada que se detallan en los apartados que siguen.&#8221; module_class=&#8221;w-100-mob w-img-100-mob&#8221; _builder_version=&#8221;3.29.3&#8243; custom_margin=&#8221;6px||31px|||&#8221; custom_padding=&#8221;24px|||||&#8221; _i=&#8221;0&#8243; _address=&#8221;0.1.1.0&#8243;][\/et_pb_image][\/et_pb_column][\/et_pb_row][et_pb_row _builder_version=&#8221;3.29.3&#8243; custom_padding=&#8221;0px||0px|||&#8221; _i=&#8221;2&#8243; _address=&#8221;0.2&#8243;][et_pb_column type=&#8221;4_4&#8243; _builder_version=&#8221;3.29.3&#8243; _i=&#8221;0&#8243; _address=&#8221;0.2.0&#8243;][et_pb_text _builder_version=&#8221;3.29.3&#8243; text_font=&#8221;lubalin bold||||||||&#8221; text_text_color=&#8221;#589bdb&#8221; text_font_size=&#8221;33px&#8221; text_letter_spacing=&#8221;1.68px&#8221; text_line_height=&#8221;33.5px&#8221; custom_padding=&#8221;||46px||false|true&#8221; _i=&#8221;0&#8243; _address=&#8221;0.2.0.0&#8243;]<\/p>\n<p><strong>Calendar of Activities <\/strong><\/p>\n<p>[\/et_pb_text][\/et_pb_column][\/et_pb_row][\/et_pb_section][et_pb_section fb_built=&#8221;1&#8243; module_class=&#8221;cta_azul&#8221; _builder_version=&#8221;3.29.3&#8243; background_color=&#8221;#589bdb&#8221; custom_padding=&#8221;3px||0px|||&#8221; fb_built=&#8221;1&#8243; _i=&#8221;1&#8243; _address=&#8221;1&#8243;][et_pb_row _builder_version=&#8221;3.29.3&#8243; min_height=&#8221;9px&#8221; custom_margin=&#8221;0px|auto|0px|auto|false|false&#8221; custom_padding=&#8221;45px||20px||false|false&#8221; _i=&#8221;0&#8243; _address=&#8221;1.0&#8243;][et_pb_column type=&#8221;4_4&#8243; _builder_version=&#8221;3.29.3&#8243; _i=&#8221;0&#8243; _address=&#8221;1.0.0&#8243;][et_pb_text _builder_version=&#8221;3.29.3&#8243; text_font=&#8221;gotham narrow bold||||||||&#8221; text_text_color=&#8221;#ffffff&#8221; custom_margin=&#8221;||1px|||&#8221; _i=&#8221;0&#8243; _address=&#8221;1.0.0.0&#8243;]ENSE\u00d1ANZA PRIMARIA Y SECUNDARIA<br \/>\n[\/et_pb_text][et_pb_text _builder_version=&#8221;3.29.3&#8243; text_font=&#8221;gotham bold||||||||&#8221; text_text_color=&#8221;#ffffff&#8221; text_orientation=&#8221;right&#8221; min_height=&#8221;20px&#8221; custom_margin=&#8221;-1px||1px|||&#8221; custom_padding=&#8221;0px||0px|||&#8221; _i=&#8221;1&#8243; _address=&#8221;1.0.0.1&#8243;][\/et_pb_text][\/et_pb_column][\/et_pb_row][\/et_pb_section][et_pb_section fb_built=&#8221;1&#8243; _builder_version=&#8221;3.29.3&#8243; custom_padding=&#8221;51px||22px|||&#8221; fb_built=&#8221;1&#8243; _i=&#8221;2&#8243; _address=&#8221;2&#8243;][et_pb_row column_structure=&#8221;1_2,1_2&#8243; make_equal=&#8221;on&#8221; module_class=&#8221;gen_bloques_blancos_ini&#8221; _builder_version=&#8221;3.29.3&#8243; custom_margin=&#8221;0px||0px||false|false&#8221; custom_padding=&#8221;0px||0px|||&#8221; _i=&#8221;0&#8243; _address=&#8221;2.0&#8243;][et_pb_column type=&#8221;1_2&#8243; _builder_version=&#8221;3.29.3&#8243; _i=&#8221;0&#8243; _address=&#8221;2.0.0&#8243;][et_pb_text _builder_version=&#8221;3.29.3&#8243; text_font=&#8221;gotham narrow bold||||||||&#8221; background_color=&#8221;#ffffff&#8221; custom_padding=&#8221;||||false|false&#8221; link_option_url=&#8221;http:\/\/www.cisgalicia.org\/flythefuture&#8221; link_option_url_new_window=&#8221;on&#8221; _i=&#8221;0&#8243; _address=&#8221;2.0.0.0&#8243;]<\/p>\n<div class=\"actividades_iz\">\n<p><img decoding=\"async\" loading=\"lazy\" class=\"wp-image-29697 alignnone size-full\" src=\"https:\/\/www.civiluavsinitiative.com\/wp-content\/uploads\/2019\/11\/objeto-inteligente-vectorial-1-copia-2.png\" alt=\"\" width=\"205\" height=\"205\" srcset=\"https:\/\/www.civiluavsinitiative.com\/wp-content\/uploads\/2019\/11\/objeto-inteligente-vectorial-1-copia-2.png 205w, https:\/\/www.civiluavsinitiative.com\/wp-content\/uploads\/2019\/11\/objeto-inteligente-vectorial-1-copia-2-150x150.png 150w\" sizes=\"(max-width: 205px) 100vw, 205px\" \/><\/p>\n<div class=\"generladatos\">\n<div class=\"duracion\"><i class=\"fas fa-clock\"><\/i> Duration: 2h<\/div>\n<div class=\"horario\"><i class=\"fas fa-calendar-alt\"><\/i>\u00a010:00- 12:00 h.<\/div>\n<div class=\"numalumnos\"><i class=\"fas fa-user-graduate\"><\/i> 30 students<\/div>\n<\/div>\n<\/div>\n<div class=\"actividades_dr\">\n<div class=\"title_actividades\"><a href=\"http:\/\/www.cisgalicia.org\/flythefuture\">FLY THE FUTURE<\/a><\/div>\n<div class=\"content_actividades\">Rozas airfield<\/div>\n<div class=\"link_actividades\">Nuevas fechas curso 2020-2021<\/div>\n<div>\n<p style=\"text-align: justify;\">This workshop will show the practical side of STEM careers, through explanation, interaction and visualisation of the technological developments addressed by Babcock at the Civil UAVs Initiative. Students will visit the facilities of the Rozas Aeronautics Research Centre (CIAR), a European reference for performing tests with unmanned vehicles. They will also have the opportunity to see UAV test flights with LUA, one of Babcock&#8217;s unmanned helicopter-based aircraft systems, and watch simulations of the company&#8217;s forest fire fighting developments wearing 3D glasses.<\/p>\n<\/div>\n<div>More information at: 981 337 110<\/div>\n<div><\/div>\n<\/div>\n<p>[\/et_pb_text][\/et_pb_column][et_pb_column type=&#8221;1_2&#8243; _builder_version=&#8221;3.29.3&#8243; _i=&#8221;1&#8243; _address=&#8221;2.0.1&#8243;][\/et_pb_column][\/et_pb_row][et_pb_row disabled_on=&#8221;off|off|off&#8221; _builder_version=&#8221;3.29.3&#8243; custom_margin=&#8221;-2px|auto||auto|false|false&#8221; custom_padding=&#8221;0px||0px|||&#8221; _i=&#8221;1&#8243; _address=&#8221;2.1&#8243;][et_pb_column type=&#8221;4_4&#8243; _builder_version=&#8221;3.29.3&#8243; _i=&#8221;0&#8243; _address=&#8221;2.1.0&#8243;][et_pb_text _builder_version=&#8221;3.29.3&#8243; text_font=&#8221;lubalin bold||||||||&#8221; text_text_color=&#8221;#589bdb&#8221; text_font_size=&#8221;33px&#8221; text_letter_spacing=&#8221;1.68px&#8221; text_line_height=&#8221;33.5px&#8221; custom_margin=&#8221;8px|||||&#8221; custom_padding=&#8221;||46px||false|true&#8221; _i=&#8221;0&#8243; _address=&#8221;2.1.0.0&#8243;]<\/p>\n<p>Indra&#8217;s Activities<\/p>\n<p>[\/et_pb_text][\/et_pb_column][\/et_pb_row][\/et_pb_section][et_pb_section fb_built=&#8221;1&#8243; module_class=&#8221;cta_azul&#8221; _builder_version=&#8221;3.29.3&#8243; background_color=&#8221;#589bdb&#8221; custom_padding=&#8221;3px||0px|||&#8221; fb_built=&#8221;1&#8243; _i=&#8221;3&#8243; _address=&#8221;3&#8243;][et_pb_row _builder_version=&#8221;3.29.3&#8243; min_height=&#8221;9px&#8221; custom_margin=&#8221;0px|auto|0px|auto|false|false&#8221; custom_padding=&#8221;45px||20px||false|false&#8221; _i=&#8221;0&#8243; _address=&#8221;3.0&#8243;][et_pb_column type=&#8221;4_4&#8243; _builder_version=&#8221;3.29.3&#8243; _i=&#8221;0&#8243; _address=&#8221;3.0.0&#8243;][et_pb_text _builder_version=&#8221;3.29.3&#8243; text_font=&#8221;gotham narrow bold||||||||&#8221; text_text_color=&#8221;#ffffff&#8221; custom_margin=&#8221;||1px|||&#8221; _i=&#8221;0&#8243; _address=&#8221;3.0.0.0&#8243;]ENSE\u00d1ANZA PRIMARIA Y SECUNDARIA<br \/>\n[\/et_pb_text][et_pb_text _builder_version=&#8221;3.29.3&#8243; text_font=&#8221;gotham bold||||||||&#8221; text_text_color=&#8221;#ffffff&#8221; text_orientation=&#8221;right&#8221; min_height=&#8221;20px&#8221; custom_margin=&#8221;-1px||1px|||&#8221; custom_padding=&#8221;0px||0px|||&#8221; _i=&#8221;1&#8243; _address=&#8221;3.0.0.1&#8243;][\/et_pb_text][\/et_pb_column][\/et_pb_row][\/et_pb_section][et_pb_section fb_built=&#8221;1&#8243; _builder_version=&#8221;3.29.3&#8243; custom_padding=&#8221;51px||14px|||&#8221; fb_built=&#8221;1&#8243; _i=&#8221;4&#8243; _address=&#8221;4&#8243;][et_pb_row column_structure=&#8221;1_2,1_2&#8243; make_equal=&#8221;on&#8221; module_class=&#8221;gen_bloques_blancos_ini&#8221; _builder_version=&#8221;3.29.3&#8243; custom_padding=&#8221;0px||0px|||&#8221; _i=&#8221;0&#8243; _address=&#8221;4.0&#8243;][et_pb_column type=&#8221;1_2&#8243; _builder_version=&#8221;3.29.3&#8243; _i=&#8221;0&#8243; _address=&#8221;4.0.0&#8243;][et_pb_text _builder_version=&#8221;3.29.3&#8243; text_font=&#8221;gotham narrow bold||||||||&#8221; background_color=&#8221;#ffffff&#8221; custom_padding=&#8221;||||false|false&#8221; _i=&#8221;0&#8243; _address=&#8221;4.0.0.0&#8243;]<\/p>\n<div class=\"actividades_iz\">\n<p><img decoding=\"async\" loading=\"lazy\" class=\"wp-image-29697 alignnone size-full\" src=\"https:\/\/www.civiluavsinitiative.com\/wp-content\/uploads\/2019\/11\/objeto-inteligente-vectorial-1-copia-2.png\" alt=\"\" width=\"205\" height=\"205\" srcset=\"https:\/\/www.civiluavsinitiative.com\/wp-content\/uploads\/2019\/11\/objeto-inteligente-vectorial-1-copia-2.png 205w, https:\/\/www.civiluavsinitiative.com\/wp-content\/uploads\/2019\/11\/objeto-inteligente-vectorial-1-copia-2-150x150.png 150w\" sizes=\"(max-width: 205px) 100vw, 205px\" \/><\/p>\n<div class=\"generladatos\">\n<div class=\"duracion\"><i class=\"fas fa-clock\"><\/i>\u00a04h 30m<\/div>\n<div class=\"horario\"><i class=\"fas fa-calendar-alt\"><\/i>\u00a09:30 &#8211; 14:00 h<\/div>\n<div class=\"numalumnos\"><i class=\"fas fa-user-graduate\"><\/i>\u00a030 students<\/div>\n<\/div>\n<\/div>\n<div class=\"actividades_dr\">\n<div class=\"title_actividades\">SOWING THE FUTURE<\/div>\n<div class=\"sub_title_actividades\">Rozas airfield<\/div>\n<div class=\"link_actividades\">Nuevas fechas curso 2020-2021<\/div>\n<div>\n<p>The objective of this activity is to show how new technologies can help improve people&#8217;s daily lives. Students will be introduced to the world of aviation and drones with demonstrations in a flight simulator. Those attending this workshop will also participate in a visit to the facilities of the Rozas Aeronautics Research Centre (CIAR), a European reference for performing tests with unmanned vehicles.<\/p>\n<\/div>\n<div>More information at: 981 337 110.<\/div>\n<\/div>\n<p>[\/et_pb_text][\/et_pb_column][et_pb_column type=&#8221;1_2&#8243; _builder_version=&#8221;3.29.3&#8243; _i=&#8221;1&#8243; _address=&#8221;4.0.1&#8243;][\/et_pb_column][\/et_pb_row][et_pb_row disabled_on=&#8221;off|off|off&#8221; _builder_version=&#8221;3.29.3&#8243; custom_margin=&#8221;-2px|auto||auto|false|false&#8221; custom_padding=&#8221;0px||0px|||&#8221; _i=&#8221;1&#8243; _address=&#8221;4.1&#8243;][et_pb_column type=&#8221;4_4&#8243; _builder_version=&#8221;3.29.3&#8243; _i=&#8221;0&#8243; _address=&#8221;4.1.0&#8243;][et_pb_text _builder_version=&#8221;3.29.3&#8243; text_font=&#8221;lubalin bold||||||||&#8221; text_text_color=&#8221;#589bdb&#8221; text_font_size=&#8221;33px&#8221; text_letter_spacing=&#8221;1.68px&#8221; text_line_height=&#8221;33.5px&#8221; custom_margin=&#8221;8px|||||&#8221; custom_padding=&#8221;||46px||false|true&#8221; _i=&#8221;0&#8243; _address=&#8221;4.1.0.0&#8243;]<\/p>\n<p>Boeing Research &amp; Technology Europe Activities<\/p>\n<p>[\/et_pb_text][\/et_pb_column][\/et_pb_row][et_pb_row _builder_version=&#8221;3.29.3&#8243; min_height=&#8221;9px&#8221; custom_margin=&#8221;0px|auto|0px|auto|false|false&#8221; custom_padding=&#8221;45px||20px||false|false&#8221; _i=&#8221;2&#8243; _address=&#8221;4.2&#8243;][et_pb_column type=&#8221;4_4&#8243; _builder_version=&#8221;3.29.3&#8243; _i=&#8221;0&#8243; _address=&#8221;4.2.0&#8243;][et_pb_text _builder_version=&#8221;3.29.3&#8243; text_font=&#8221;gotham narrow bold||||||||&#8221; text_text_color=&#8221;#ffffff&#8221; custom_margin=&#8221;||1px|||&#8221; _i=&#8221;0&#8243; _address=&#8221;4.2.0.0&#8243;]ENSE\u00d1ANZA PRIMARIA Y SECUNDARIA<br \/>\n[\/et_pb_text][et_pb_text _builder_version=&#8221;3.29.3&#8243; text_font=&#8221;gotham bold||||||||&#8221; text_text_color=&#8221;#ffffff&#8221; text_orientation=&#8221;right&#8221; min_height=&#8221;20px&#8221; custom_margin=&#8221;-1px||1px|||&#8221; custom_padding=&#8221;0px||0px|||&#8221; _i=&#8221;1&#8243; _address=&#8221;4.2.0.1&#8243;][\/et_pb_text][\/et_pb_column][\/et_pb_row][\/et_pb_section]<\/p>\n","protected":false},"excerpt":{"rendered":"<p>Program for the promotion of scientific and technological vocations &#8220;Flying high, combining vocations&#8221;The program Flying high, combining vocations, a comprehensive program of activities for the promotion of scientific and technological vocations is being developed within the framework of the Civil UAVs Initiative, with the collaboration of Boeing, Indra and Babcock. Its objective is to stimulate [&hellip;]<\/p>\n","protected":false},"author":3,"featured_media":0,"parent":0,"menu_order":0,"comment_status":"closed","ping_status":"closed","template":"","meta":{"_et_pb_use_builder":"on","_et_pb_old_content":"","_et_gb_content_width":""},"acf":[],"yoast_head":"<!-- This site is optimized with the Yoast SEO plugin v20.9 - https:\/\/yoast.com\/wordpress\/plugins\/seo\/ -->\n<title>Civil UAVs Initiative<\/title>\n<meta name=\"description\" content=\"Civil UAVs Initiative, favorece y fomenta el emprendimiento innovador, con el fin de atraer y retener en Galicia talento en el sector aeroespacial.\" \/>\n<meta name=\"robots\" content=\"index, follow, max-snippet:-1, max-image-preview:large, max-video-preview:-1\" \/>\n<link rel=\"canonical\" href=\"https:\/\/www.civiluavsinitiative.com\/vocaciones-cientifico-tecnologica\/\" \/>\n<meta property=\"og:locale\" content=\"en_US\" \/>\n<meta property=\"og:type\" content=\"article\" \/>\n<meta property=\"og:title\" content=\"Civil UAVs Initiative\" \/>\n<meta property=\"og:description\" content=\"Civil UAVs Initiative, favorece y fomenta el emprendimiento innovador, con el fin de atraer y retener en Galicia talento en el sector aeroespacial.\" \/>\n<meta property=\"og:url\" content=\"https:\/\/www.civiluavsinitiative.com\/vocaciones-cientifico-tecnologica\/\" \/>\n<meta property=\"og:site_name\" content=\"Civil UAVs Initiative\" \/>\n<meta property=\"article:modified_time\" content=\"2021-03-16T12:29:33+00:00\" \/>\n<meta property=\"og:image\" content=\"https:\/\/www.civiluavsinitiative.com\/wp-content\/uploads\/2019\/11\/objeto-inteligente-vectorial-1-copia-2.png\" \/>\n<meta name=\"twitter:card\" content=\"summary_large_image\" \/>\n<meta name=\"twitter:label1\" content=\"Est. reading time\" \/>\n\t<meta name=\"twitter:data1\" content=\"7 minutes\" \/>\n<script type=\"application\/ld+json\" class=\"yoast-schema-graph\">{\"@context\":\"https:\/\/schema.org\",\"@graph\":[{\"@type\":\"WebPage\",\"@id\":\"https:\/\/www.civiluavsinitiative.com\/vocaciones-cientifico-tecnologica\/\",\"url\":\"https:\/\/www.civiluavsinitiative.com\/vocaciones-cientifico-tecnologica\/\",\"name\":\"Civil UAVs Initiative\",\"isPartOf\":{\"@id\":\"https:\/\/www.civiluavsinitiative.com\/#website\"},\"datePublished\":\"2020-11-30T12:15:32+00:00\",\"dateModified\":\"2021-03-16T12:29:33+00:00\",\"description\":\"Civil UAVs Initiative, favorece y fomenta el emprendimiento innovador, con el fin de atraer y retener en Galicia talento en el sector aeroespacial.\",\"breadcrumb\":{\"@id\":\"https:\/\/www.civiluavsinitiative.com\/vocaciones-cientifico-tecnologica\/#breadcrumb\"},\"inLanguage\":\"en-US\",\"potentialAction\":[{\"@type\":\"ReadAction\",\"target\":[\"https:\/\/www.civiluavsinitiative.com\/vocaciones-cientifico-tecnologica\/\"]}]},{\"@type\":\"BreadcrumbList\",\"@id\":\"https:\/\/www.civiluavsinitiative.com\/vocaciones-cientifico-tecnologica\/#breadcrumb\",\"itemListElement\":[{\"@type\":\"ListItem\",\"position\":1,\"name\":\"Home\",\"item\":\"https:\/\/www.civiluavsinitiative.com\/en\/\"},{\"@type\":\"ListItem\",\"position\":2,\"name\":\"Scientific-Technological Vocations\"}]},{\"@type\":\"WebSite\",\"@id\":\"https:\/\/www.civiluavsinitiative.com\/#website\",\"url\":\"https:\/\/www.civiluavsinitiative.com\/\",\"name\":\"Civil UAVs Initiative\",\"description\":\"Civil UAVs Initiative, favorece y fomenta el emprendimiento innovador, con el fin de atraer y retener en Galicia talento en el sector aeroespacial.\",\"potentialAction\":[{\"@type\":\"SearchAction\",\"target\":{\"@type\":\"EntryPoint\",\"urlTemplate\":\"https:\/\/www.civiluavsinitiative.com\/?s={search_term_string}\"},\"query-input\":\"required name=search_term_string\"}],\"inLanguage\":\"en-US\"}]}<\/script>\n<!-- \/ Yoast SEO plugin. -->","yoast_head_json":{"title":"Civil UAVs Initiative","description":"Civil UAVs Initiative, favorece y fomenta el emprendimiento innovador, con el fin de atraer y retener en Galicia talento en el sector aeroespacial.","robots":{"index":"index","follow":"follow","max-snippet":"max-snippet:-1","max-image-preview":"max-image-preview:large","max-video-preview":"max-video-preview:-1"},"canonical":"https:\/\/www.civiluavsinitiative.com\/vocaciones-cientifico-tecnologica\/","og_locale":"en_US","og_type":"article","og_title":"Civil UAVs Initiative","og_description":"Civil UAVs Initiative, favorece y fomenta el emprendimiento innovador, con el fin de atraer y retener en Galicia talento en el sector aeroespacial.","og_url":"https:\/\/www.civiluavsinitiative.com\/vocaciones-cientifico-tecnologica\/","og_site_name":"Civil UAVs Initiative","article_modified_time":"2021-03-16T12:29:33+00:00","og_image":[{"url":"https:\/\/www.civiluavsinitiative.com\/wp-content\/uploads\/2019\/11\/objeto-inteligente-vectorial-1-copia-2.png"}],"twitter_card":"summary_large_image","twitter_misc":{"Est. reading time":"7 minutes"},"schema":{"@context":"https:\/\/schema.org","@graph":[{"@type":"WebPage","@id":"https:\/\/www.civiluavsinitiative.com\/vocaciones-cientifico-tecnologica\/","url":"https:\/\/www.civiluavsinitiative.com\/vocaciones-cientifico-tecnologica\/","name":"Civil UAVs Initiative","isPartOf":{"@id":"https:\/\/www.civiluavsinitiative.com\/#website"},"datePublished":"2020-11-30T12:15:32+00:00","dateModified":"2021-03-16T12:29:33+00:00","description":"Civil UAVs Initiative, favorece y fomenta el emprendimiento innovador, con el fin de atraer y retener en Galicia talento en el sector aeroespacial.","breadcrumb":{"@id":"https:\/\/www.civiluavsinitiative.com\/vocaciones-cientifico-tecnologica\/#breadcrumb"},"inLanguage":"en-US","potentialAction":[{"@type":"ReadAction","target":["https:\/\/www.civiluavsinitiative.com\/vocaciones-cientifico-tecnologica\/"]}]},{"@type":"BreadcrumbList","@id":"https:\/\/www.civiluavsinitiative.com\/vocaciones-cientifico-tecnologica\/#breadcrumb","itemListElement":[{"@type":"ListItem","position":1,"name":"Home","item":"https:\/\/www.civiluavsinitiative.com\/en\/"},{"@type":"ListItem","position":2,"name":"Scientific-Technological Vocations"}]},{"@type":"WebSite","@id":"https:\/\/www.civiluavsinitiative.com\/#website","url":"https:\/\/www.civiluavsinitiative.com\/","name":"Civil UAVs Initiative","description":"Civil UAVs Initiative, favorece y fomenta el emprendimiento innovador, con el fin de atraer y retener en Galicia talento en el sector aeroespacial.","potentialAction":[{"@type":"SearchAction","target":{"@type":"EntryPoint","urlTemplate":"https:\/\/www.civiluavsinitiative.com\/?s={search_term_string}"},"query-input":"required name=search_term_string"}],"inLanguage":"en-US"}]}},"_links":{"self":[{"href":"https:\/\/www.civiluavsinitiative.com\/en\/wp-json\/wp\/v2\/pages\/35378"}],"collection":[{"href":"https:\/\/www.civiluavsinitiative.com\/en\/wp-json\/wp\/v2\/pages"}],"about":[{"href":"https:\/\/www.civiluavsinitiative.com\/en\/wp-json\/wp\/v2\/types\/page"}],"author":[{"embeddable":true,"href":"https:\/\/www.civiluavsinitiative.com\/en\/wp-json\/wp\/v2\/users\/3"}],"replies":[{"embeddable":true,"href":"https:\/\/www.civiluavsinitiative.com\/en\/wp-json\/wp\/v2\/comments?post=35378"}],"version-history":[{"count":6,"href":"https:\/\/www.civiluavsinitiative.com\/en\/wp-json\/wp\/v2\/pages\/35378\/revisions"}],"predecessor-version":[{"id":36978,"href":"https:\/\/www.civiluavsinitiative.com\/en\/wp-json\/wp\/v2\/pages\/35378\/revisions\/36978"}],"wp:attachment":[{"href":"https:\/\/www.civiluavsinitiative.com\/en\/wp-json\/wp\/v2\/media?parent=35378"}],"curies":[{"name":"wp","href":"https:\/\/api.w.org\/{rel}","templated":true}]}}