{"id":35225,"date":"2020-11-30T12:18:33","date_gmt":"2020-11-30T11:18:33","guid":{"rendered":"https:\/\/www.civiluavsinitiative.com\/?page_id=35225"},"modified":"2023-01-02T09:35:27","modified_gmt":"2023-01-02T08:35:27","slug":"home","status":"publish","type":"page","link":"https:\/\/www.civiluavsinitiative.com\/en\/","title":{"rendered":"Home"},"content":{"rendered":"<p>[et_pb_section fb_built=&#8221;1&#8243; _builder_version=&#8221;4.16&#8243; custom_margin=&#8221;0px|0px|0px|0px|false|false&#8221; custom_padding=&#8221;0px|0px|0px|0px|false|false&#8221; global_colors_info=&#8221;{}&#8221;][et_pb_row column_structure=&#8221;1_2,1_2&#8243; use_custom_gutter=&#8221;on&#8221; gutter_width=&#8221;1&#8243; make_equal=&#8221;on&#8221; module_class=&#8221;video-home&#8221; _builder_version=&#8221;4.16&#8243; width=&#8221;100%&#8221; max_width=&#8221;100%&#8221; min_height=&#8221;516px&#8221; custom_margin=&#8221;0px|0px|0px|0px|false|false&#8221; custom_margin_tablet=&#8221;0px||||false|false&#8221; custom_margin_phone=&#8221;0px||||false|false&#8221; custom_margin_last_edited=&#8221;on|desktop&#8221; custom_padding=&#8221;0px|0px|0px|0px|false|false&#8221; global_colors_info=&#8221;{}&#8221;][et_pb_column type=&#8221;1_2&#8243; _builder_version=&#8221;4.16&#8243; global_colors_info=&#8221;{}&#8221;][et_pb_video src=&#8221;https:\/\/www.youtube.com\/watch?v=t_jfNHjYCpQ&#038;t=14s&#8221; _builder_version=&#8221;4.16&#8243; custom_margin=&#8221;0px|0px|0px|0px|false|false&#8221; custom_padding=&#8221;0px|0px|0px|0px|false|false&#8221; global_colors_info=&#8221;{}&#8221;][\/et_pb_video][\/et_pb_column][et_pb_column type=&#8221;1_2&#8243; _builder_version=&#8221;4.16&#8243; custom_padding=&#8221;50px|96px|50px|69px|false|false&#8221; custom_padding_tablet=&#8221;&#8221; custom_padding_phone=&#8221;|0px||30px|false|false&#8221; custom_padding_last_edited=&#8221;on|phone&#8221; global_colors_info=&#8221;{}&#8221;][et_pb_text _builder_version=&#8221;4.16&#8243; text_font=&#8221;lubalin bold||||||||&#8221; text_text_color=&#8221;#5ea6e1&#8243; text_font_size=&#8221;25px&#8221; text_letter_spacing=&#8221;1.75px&#8221; text_line_height=&#8221;49px&#8221; custom_margin=&#8221;-21px||6px|||&#8221; custom_padding=&#8221;0px|1px|19px|||&#8221; text_font_tablet=&#8221;&#8221; text_font_phone=&#8221;&#8221; text_font_last_edited=&#8221;on|phone&#8221; text_letter_spacing_tablet=&#8221;&#8221; text_letter_spacing_phone=&#8221;0.7px&#8221; text_letter_spacing_last_edited=&#8221;on|phone&#8221; text_line_height_tablet=&#8221;&#8221; text_line_height_phone=&#8221;44px&#8221; text_line_height_last_edited=&#8221;on|phone&#8221; global_colors_info=&#8221;{}&#8221;]<\/p>\n<h2 class=\"empr-form-title--home\">Iniciative for the FUTURE<\/h2>\n<p>[\/et_pb_text][et_pb_text _builder_version=&#8221;4.16&#8243; text_font=&#8221;gotham narrow book||||||||&#8221; text_text_color=&#8221;#5a5a5c&#8221; text_line_height=&#8221;27px&#8221; link_font=&#8221;gotham bold||||||||&#8221; link_text_color=&#8221;#589bdb&#8221; link_font_size=&#8221;16px&#8221; link_letter_spacing=&#8221;1px&#8221; max_width=&#8221;80%&#8221; max_width_tablet=&#8221;100%&#8221; max_width_phone=&#8221;&#8221; max_width_last_edited=&#8221;on|tablet&#8221; custom_margin=&#8221;30px|25px|||false|false&#8221; custom_margin_tablet=&#8221;&#8221; custom_margin_phone=&#8221;|0px|||false|false&#8221; custom_margin_last_edited=&#8221;on|phone&#8221; custom_padding=&#8221;||||false|false&#8221; global_colors_info=&#8221;{}&#8221;]<\/p>\n<p>The Civil UAVs Initiative is a pioneering strategic initiative in Europe led by the Xunta de Galicia to attract investments in the aerospace sector and to develop innovative solutions in the unmanned vehicles and systems industry.<\/p>\n<p>Its objective is to create innovative products and solutions to improve public services and deliver modern, efficient services.<\/p>\n<p>Promoted through Public Procurement for Innovation (PPI), it has enabled Galicia to attract large multinational aerospace sector companies and to generate and consolidate an industrial fabric around the Galician Aerospace Centre.<\/p>\n<p>The Civil UAVs Initiative has promoted the creation of an innovation ecosystem capable of generating new ideas and attracting and retaining highly qualified and specialised human capital in Galicia.<\/p>\n<p><strong>More than 50 agents<\/strong> (Universities, Knowledge Centres, Driver Enterprises and SMEs) are participating in this initiative and developing more than <strong>35 R&amp;D&amp;I<\/strong> <strong>projects<\/strong>, with more than <strong>400 highly qualified persons<\/strong> involved and a <strong>public-private investment of \u20ac\u00a0164 million<\/strong><strong>.<\/strong><\/p>\n<p>[\/et_pb_text][\/et_pb_column][\/et_pb_row][\/et_pb_section][et_pb_section fb_built=&#8221;1&#8243; custom_padding_last_edited=&#8221;on|phone&#8221; _builder_version=&#8221;4.16&#8243; background_color=&#8221;#d1d1d1&#8243; width=&#8221;100%&#8221; custom_margin=&#8221;-2px|||||&#8221; custom_padding=&#8221;75px||75px||false|false&#8221; custom_padding_tablet=&#8221;&#8221; custom_padding_phone=&#8221;||64px||false|false&#8221; saved_tabs=&#8221;all&#8221; global_colors_info=&#8221;{}&#8221;][et_pb_row column_structure=&#8221;1_4,1_4,1_4,1_4&#8243; use_custom_gutter=&#8221;on&#8221; module_class=&#8221;bloque-3-home&#8221; _builder_version=&#8221;4.16&#8243; custom_margin=&#8221;|auto|-4px|auto||&#8221; custom_padding=&#8221;0px||0px|||&#8221; global_colors_info=&#8221;{}&#8221;][et_pb_column type=&#8221;1_4&#8243; _builder_version=&#8221;4.16&#8243; global_colors_info=&#8221;{}&#8221;][et_pb_image src=&#8221;https:\/\/www.civiluavsinitiative.com\/wp-content\/uploads\/2022\/12\/Seleccion_081.png&#8221; alt=&#8221;Optimizaci\u00f3n de los servicios p\u00fablicos&#8221; admin_label=&#8221;Optimizaci\u00f3n de los servicios p\u00fablicos&#8221; _builder_version=&#8221;4.19.4&#8243; custom_margin=&#8221;||0px||false|false&#8221; custom_padding=&#8221;||0px|||&#8221; hover_enabled=&#8221;0&#8243; global_colors_info=&#8221;{}&#8221; title_text=&#8221;Seleccion_081&#8243; sticky_enabled=&#8221;0&#8243;][\/et_pb_image][et_pb_text module_class=&#8221;h2text&#8221; _builder_version=&#8221;4.16&#8243; text_font=&#8221;lubalinbook||||||||&#8221; text_text_color=&#8221;#504f51&#8243; text_font_size=&#8221;18px&#8221; text_line_height=&#8221;28px&#8221; custom_margin=&#8221;-25px|-17px|0px|0px|false|false&#8221; custom_padding=&#8221;40px|0px|0px|44px|false|false&#8221; global_colors_info=&#8221;{}&#8221;]<\/p>\n<h2 class=\"inherit\">Innovating\u00a0the provision of public services<\/h2>\n<p>[\/et_pb_text][\/et_pb_column][et_pb_column type=&#8221;1_4&#8243; _builder_version=&#8221;4.16&#8243; global_colors_info=&#8221;{}&#8221;][et_pb_image src=&#8221;https:\/\/www.civiluavsinitiative.com\/wp-content\/uploads\/2022\/12\/Seleccion_082.png&#8221; alt=&#8221;Dinamizaci\u00f3n e Impulso al avance de tecnolog\u00edas&#8221; _builder_version=&#8221;4.19.4&#8243; custom_margin=&#8221;||0px||false|false&#8221; custom_padding=&#8221;||0px|||&#8221; hover_enabled=&#8221;0&#8243; global_colors_info=&#8221;{}&#8221; title_text=&#8221;Seleccion_082&#8243; sticky_enabled=&#8221;0&#8243;][\/et_pb_image][et_pb_text module_class=&#8221;h2text&#8221; _builder_version=&#8221;4.16&#8243; text_font=&#8221;lubalinbook||||||||&#8221; text_font_size=&#8221;18px&#8221; text_line_height=&#8221;28px&#8221; custom_margin=&#8221;-25px|-17px|0px|0px|false|false&#8221; custom_padding=&#8221;40px|0px|0px|44px|false|false&#8221; global_colors_info=&#8221;{}&#8221;]<\/p>\n<h2 class=\"inherit\">Boosting a high-tech market segment<\/h2>\n<p>[\/et_pb_text][\/et_pb_column][et_pb_column type=&#8221;1_4&#8243; _builder_version=&#8221;4.16&#8243; global_colors_info=&#8221;{}&#8221;][et_pb_image src=&#8221;https:\/\/www.civiluavsinitiative.com\/wp-content\/uploads\/2022\/12\/Seleccion_083.png&#8221; alt=&#8221;Atracci\u00f3n de capital innovador&#8221; _builder_version=&#8221;4.19.4&#8243; custom_margin=&#8221;||0px||false|false&#8221; custom_padding=&#8221;||0px|||&#8221; hover_enabled=&#8221;0&#8243; global_colors_info=&#8221;{}&#8221; title_text=&#8221;Seleccion_083&#8243; sticky_enabled=&#8221;0&#8243;][\/et_pb_image][et_pb_text module_class=&#8221;h2text&#8221; _builder_version=&#8221;4.16&#8243; text_font=&#8221;lubalinbook||||||||&#8221; text_font_size=&#8221;18px&#8221; text_line_height=&#8221;28px&#8221; custom_margin=&#8221;-25px|-17px|0px|0px|false|false&#8221; custom_padding=&#8221;40px|0px|0px|44px|false|false&#8221; global_colors_info=&#8221;{}&#8221;]<\/p>\n<p>Attracting investment to the aerospace sector<\/p>\n<p>&nbsp;<\/p>\n<p>[\/et_pb_text][\/et_pb_column][et_pb_column type=&#8221;1_4&#8243; _builder_version=&#8221;4.16&#8243; global_colors_info=&#8221;{}&#8221;][et_pb_image src=&#8221;https:\/\/www.civiluavsinitiative.com\/wp-content\/uploads\/2022\/12\/Seleccion_084.png&#8221; alt=&#8221;Dinamizaci\u00f3n y diversificaci\u00f3n del tejido empresarial local&#8221; _builder_version=&#8221;4.19.4&#8243; custom_margin=&#8221;||0px||false|false&#8221; custom_padding=&#8221;||0px|||&#8221; hover_enabled=&#8221;0&#8243; global_colors_info=&#8221;{}&#8221; title_text=&#8221;Seleccion_084&#8243; sticky_enabled=&#8221;0&#8243;][\/et_pb_image][et_pb_text module_class=&#8221;h2text&#8221; _builder_version=&#8221;4.16&#8243; text_font=&#8221;lubalinbook||||||||&#8221; text_font_size=&#8221;18px&#8221; text_line_height=&#8221;28px&#8221; custom_margin=&#8221;-25px|-17px|0px|0px|false|false&#8221; custom_padding=&#8221;40px|0px|0px|44px|false|false&#8221; global_colors_info=&#8221;{}&#8221;]<\/p>\n<p>Enhancing and diversifying the local business fabric<\/p>\n<p>[\/et_pb_text][\/et_pb_column][\/et_pb_row][\/et_pb_section][et_pb_section fb_built=&#8221;1&#8243; custom_padding_last_edited=&#8221;on|phone&#8221; _builder_version=&#8221;4.16&#8243; custom_padding=&#8221;100px||3px|||&#8221; custom_padding_tablet=&#8221;&#8221; custom_padding_phone=&#8221;64px||||false|false&#8221; top_divider_height_tablet=&#8221;&#8221; top_divider_height_phone=&#8221;64px&#8221; top_divider_height_last_edited=&#8221;on|phone&#8221; global_colors_info=&#8221;{}&#8221;][et_pb_row column_structure=&#8221;1_2,1_2&#8243; custom_padding_last_edited=&#8221;on|phone&#8221; module_class=&#8221;emprendimiento-seccion-home&#8221; _builder_version=&#8221;4.16&#8243; custom_padding=&#8221;0px|0px|100px||false|false&#8221; custom_padding_tablet=&#8221;&#8221; custom_padding_phone=&#8221;||65px||false|false&#8221; global_colors_info=&#8221;{}&#8221;][et_pb_column type=&#8221;1_2&#8243; _builder_version=&#8221;4.16&#8243; global_colors_info=&#8221;{}&#8221;][et_pb_text _builder_version=&#8221;4.16&#8243; text_font=&#8221;lubalin bold||||||||&#8221; text_text_color=&#8221;#5ea6e1&#8243; text_font_size=&#8221;25px&#8221; text_letter_spacing=&#8221;1.75px&#8221; text_line_height=&#8221;49px&#8221; custom_margin=&#8221;||6px|||&#8221; custom_padding=&#8221;0px|1px|19px|||&#8221; text_font_tablet=&#8221;&#8221; text_font_phone=&#8221;&#8221; text_font_last_edited=&#8221;on|phone&#8221; text_letter_spacing_tablet=&#8221;&#8221; text_letter_spacing_phone=&#8221;0.7px&#8221; text_letter_spacing_last_edited=&#8221;on|phone&#8221; text_line_height_tablet=&#8221;&#8221; text_line_height_phone=&#8221;44px&#8221; text_line_height_last_edited=&#8221;on|phone&#8221; global_colors_info=&#8221;{}&#8221;]<\/p>\n<h2 class=\"empr-form-title--home\">Entrepreneurship and Talent<\/h2>\n<p>[\/et_pb_text][et_pb_text _builder_version=&#8221;4.16&#8243; custom_margin=&#8221;||0px|||&#8221; custom_padding=&#8221;||17px|||&#8221; global_colors_info=&#8221;{}&#8221;]<\/p>\n<p>The main objective of the Civil UAVs Initiative&#8217;s Entrepreneurship &amp;Talent program is to promote development and growth of companies and boost innovative entrepreneurship in the aerospace sector.<\/p>\n<p> <span style=\"font-weight: 400;\">The\u00a0<a href=\"https:\/\/www.bfaero.es\/\" target=\"_blank\" rel=\"noopener noreferrer\">Business Factory Aero (BFAero)<\/a>, a part of this program, is aimed at promoting the creation and acceleration of innovative companies in Galicia to complete the aerospace sector value chain.<\/span><\/p>\n<p>Galicia also has training programs to consolidate an innovative ecosystem in the medium and long term, with sufficient capacity to generate, attract and retain talent.<\/p>\n<p>[\/et_pb_text][et_pb_text _builder_version=&#8221;4.16&#8243; custom_margin=&#8221;-3px|||15px|false|false&#8221; custom_padding=&#8221;||0px|||&#8221; global_colors_info=&#8221;{}&#8221;]<\/p>\n<ul class=\"ownbullet\">\n<li><strong>Master&#8217;s degree in Operations and Engineering of Unmanned Aerial Vehicle Systems offered by the <a href=\"http:\/\/aero.uvigo.es\/es\/estudios\/master-oesant\/\">Universities of Vigo<\/a> and\u00a0<a href=\"https:\/\/www.usc.gal\/gl\/estudos\/masteres\/enxenaria-arquitectura\/master-universitario-operacions-enxenaria-sistemas-aereos\">Santiago de Compostela<\/a><br \/> <\/strong><\/li>\n<li><a href=\"http:\/\/aero.uvigo.es\/es\/estudios\/grado-en-ingenieria-aeroespacial\/\"><strong>Bachelor&#8217;s Degree in Aerospace Engineering offered at the School of Aeronautics and Space Engineering at the Ourense Campus of the University of Vigo.<\/strong><\/a><\/li>\n<li><a href=\"http:\/\/www.cifpasmercedes.org\/index.php\/es\/oferta-formativa\/rexime-ordinaro\"><strong>Advanced Studies in Maintenance of Aeromechanical Systems at the As Mercedes Public Vocational Training School (CIFP) in Lugo.<\/strong><\/a><\/li>\n<\/ul>\n<p>[\/et_pb_text][\/et_pb_column][et_pb_column type=&#8221;1_2&#8243; _builder_version=&#8221;4.16&#8243; global_colors_info=&#8221;{}&#8221;][et_pb_image src=&#8221;https:\/\/www.civiluavsinitiative.com\/wp-content\/uploads\/2019\/10\/img-emprendimiento.jpg&#8221; alt=&#8221;Emprendimiento y formaci\u00f3n&#8221; _builder_version=&#8221;4.16&#8243; custom_margin=&#8221;0px|0px|-4px|0px|false|false&#8221; custom_padding=&#8221;0px|0px|0px|0px|false|false&#8221; global_colors_info=&#8221;{}&#8221;][\/et_pb_image][\/et_pb_column][\/et_pb_row][\/et_pb_section][et_pb_section fb_built=&#8221;1&#8243; custom_padding_last_edited=&#8221;on|tablet&#8221; _builder_version=&#8221;4.16&#8243; background_image=&#8221;https:\/\/www.civiluavsinitiative.com\/wp-content\/uploads\/2020\/01\/bg-inversion2.jpg&#8221; min_height=&#8221;526px&#8221; custom_margin=&#8221;||-26px|||&#8221; custom_padding=&#8221;116px||186px|||&#8221; custom_padding_tablet=&#8221;270px||270px||true|false&#8221; custom_padding_phone=&#8221;170px||170px||true|false&#8221; background_last_edited=&#8221;on|tablet&#8221; background_image_tablet=&#8221;https:\/\/www.civiluavsinitiative.com\/wp-content\/uploads\/2019\/12\/bg-inversion.jpg&#8221; background_enable_image_tablet=&#8221;on&#8221; global_colors_info=&#8221;{}&#8221;][et_pb_row _builder_version=&#8221;4.16&#8243; min_height=&#8221;118px&#8221; custom_padding=&#8221;30px||0px|||&#8221; global_colors_info=&#8221;{}&#8221;][et_pb_column type=&#8221;4_4&#8243; _builder_version=&#8221;4.16&#8243; global_colors_info=&#8221;{}&#8221;][et_pb_text _builder_version=&#8221;4.16&#8243; text_font=&#8221;lubalin bold||||||||&#8221; text_text_color=&#8221;#ffffff&#8221; text_font_size=&#8221;37px&#8221; text_letter_spacing=&#8221;4.2px&#8221; text_orientation=&#8221;center&#8221; custom_padding=&#8221;2px|||||&#8221; text_font_tablet=&#8221;&#8221; text_font_phone=&#8221;&#8221; text_font_last_edited=&#8221;on|phone&#8221; global_colors_info=&#8221;{}&#8221;]<\/p>\n<p>INVESTMENT<\/p>\n<p>[\/et_pb_text][et_pb_text _builder_version=&#8221;4.16&#8243; text_font=&#8221;gotham medium|600|||||||&#8221; text_text_color=&#8221;#ffffff&#8221; text_font_size=&#8221;18px&#8221; text_line_height=&#8221;23px&#8221; text_orientation=&#8221;center&#8221; custom_margin=&#8221;||0px|||&#8221; custom_margin_tablet=&#8221;&#8221; custom_margin_phone=&#8221;&#8221; custom_margin_last_edited=&#8221;on|phone&#8221; custom_padding=&#8221;|0%|0px|0%|false|true&#8221; text_font_tablet=&#8221;&#8221; text_font_phone=&#8221;gotham medium||||||||&#8221; text_font_last_edited=&#8221;on|phone&#8221; global_colors_info=&#8221;{}&#8221;]<\/p>\n<p>Thanks to comprehensive support, the aerospace industry has discovered that Galicia is not only a suitable place for establishing companies, but also for investing and developing research and innovation.<\/p>\n<p>&nbsp;<\/p>\n<p>[\/et_pb_text][et_pb_text _builder_version=&#8221;4.16&#8243; text_font=&#8221;gotham book|600|||||||&#8221; text_text_color=&#8221;#ffffff&#8221; text_orientation=&#8221;center&#8221; custom_padding=&#8221;|15%|0px|15%|false|false&#8221; global_colors_info=&#8221;{}&#8221;]<\/p>\n<p><a class=\"readmore_link_white\" href=\"https:\/\/civiluavs.des2.net\/inversion\/galicia-aeroespacial\/\">More info<\/a><\/p>\n<p>[\/et_pb_text][\/et_pb_column][\/et_pb_row][\/et_pb_section]<\/p>\n","protected":false},"excerpt":{"rendered":"<p>Iniciative for the FUTUREThe Civil UAVs Initiative is a pioneering strategic initiative in Europe led by the Xunta de Galicia to attract investments in the aerospace sector and to develop innovative solutions in the unmanned vehicles and systems industry. Its objective is to create innovative products and solutions to improve public services and deliver modern, [&hellip;]<\/p>\n","protected":false},"author":3,"featured_media":0,"parent":0,"menu_order":0,"comment_status":"closed","ping_status":"closed","template":"","meta":{"_et_pb_use_builder":"on","_et_pb_old_content":"","_et_gb_content_width":""},"acf":[],"yoast_head":"<!-- This site is optimized with the Yoast SEO plugin v20.9 - https:\/\/yoast.com\/wordpress\/plugins\/seo\/ -->\n<title>Civil UAVs Initiative<\/title>\n<meta name=\"description\" content=\"Civil UAVs Initiative, favorece y fomenta el emprendimiento innovador, con el fin de atraer y retener en Galicia talento en el sector aeroespacial.\" \/>\n<meta name=\"robots\" content=\"index, follow, max-snippet:-1, max-image-preview:large, max-video-preview:-1\" \/>\n<link rel=\"canonical\" href=\"https:\/\/www.civiluavsinitiative.com\/en\/\" \/>\n<meta property=\"og:locale\" content=\"en_US\" \/>\n<meta property=\"og:type\" content=\"article\" \/>\n<meta property=\"og:title\" content=\"Civil UAVs Initiative\" \/>\n<meta property=\"og:description\" content=\"Civil UAVs Initiative, favorece y fomenta el emprendimiento innovador, con el fin de atraer y retener en Galicia talento en el sector aeroespacial.\" \/>\n<meta property=\"og:url\" content=\"https:\/\/www.civiluavsinitiative.com\/en\/\" \/>\n<meta property=\"og:site_name\" content=\"Civil UAVs Initiative\" \/>\n<meta property=\"article:modified_time\" content=\"2023-01-02T08:35:27+00:00\" \/>\n<meta name=\"twitter:card\" content=\"summary_large_image\" \/>\n<meta name=\"twitter:label1\" content=\"Est. reading time\" \/>\n\t<meta name=\"twitter:data1\" content=\"4 minutes\" \/>\n<script type=\"application\/ld+json\" class=\"yoast-schema-graph\">{\"@context\":\"https:\/\/schema.org\",\"@graph\":[{\"@type\":\"WebPage\",\"@id\":\"https:\/\/www.civiluavsinitiative.com\/en\/\",\"url\":\"https:\/\/www.civiluavsinitiative.com\/en\/\",\"name\":\"Civil UAVs Initiative\",\"isPartOf\":{\"@id\":\"https:\/\/www.civiluavsinitiative.com\/#website\"},\"datePublished\":\"2020-11-30T11:18:33+00:00\",\"dateModified\":\"2023-01-02T08:35:27+00:00\",\"description\":\"Civil UAVs Initiative, favorece y fomenta el emprendimiento innovador, con el fin de atraer y retener en Galicia talento en el sector aeroespacial.\",\"breadcrumb\":{\"@id\":\"https:\/\/www.civiluavsinitiative.com\/en\/#breadcrumb\"},\"inLanguage\":\"en-US\",\"potentialAction\":[{\"@type\":\"ReadAction\",\"target\":[\"https:\/\/www.civiluavsinitiative.com\/en\/\"]}]},{\"@type\":\"BreadcrumbList\",\"@id\":\"https:\/\/www.civiluavsinitiative.com\/en\/#breadcrumb\",\"itemListElement\":[{\"@type\":\"ListItem\",\"position\":1,\"name\":\"Home\",\"item\":\"https:\/\/www.civiluavsinitiative.com\/en\/\"},{\"@type\":\"ListItem\",\"position\":2,\"name\":\"Home\"}]},{\"@type\":\"WebSite\",\"@id\":\"https:\/\/www.civiluavsinitiative.com\/#website\",\"url\":\"https:\/\/www.civiluavsinitiative.com\/\",\"name\":\"Civil UAVs Initiative\",\"description\":\"Civil UAVs Initiative, favorece y fomenta el emprendimiento innovador, con el fin de atraer y retener en Galicia talento en el sector aeroespacial.\",\"potentialAction\":[{\"@type\":\"SearchAction\",\"target\":{\"@type\":\"EntryPoint\",\"urlTemplate\":\"https:\/\/www.civiluavsinitiative.com\/?s={search_term_string}\"},\"query-input\":\"required name=search_term_string\"}],\"inLanguage\":\"en-US\"}]}<\/script>\n<!-- \/ Yoast SEO plugin. -->","yoast_head_json":{"title":"Civil UAVs Initiative","description":"Civil UAVs Initiative, favorece y fomenta el emprendimiento innovador, con el fin de atraer y retener en Galicia talento en el sector aeroespacial.","robots":{"index":"index","follow":"follow","max-snippet":"max-snippet:-1","max-image-preview":"max-image-preview:large","max-video-preview":"max-video-preview:-1"},"canonical":"https:\/\/www.civiluavsinitiative.com\/en\/","og_locale":"en_US","og_type":"article","og_title":"Civil UAVs Initiative","og_description":"Civil UAVs Initiative, favorece y fomenta el emprendimiento innovador, con el fin de atraer y retener en Galicia talento en el sector aeroespacial.","og_url":"https:\/\/www.civiluavsinitiative.com\/en\/","og_site_name":"Civil UAVs Initiative","article_modified_time":"2023-01-02T08:35:27+00:00","twitter_card":"summary_large_image","twitter_misc":{"Est. reading time":"4 minutes"},"schema":{"@context":"https:\/\/schema.org","@graph":[{"@type":"WebPage","@id":"https:\/\/www.civiluavsinitiative.com\/en\/","url":"https:\/\/www.civiluavsinitiative.com\/en\/","name":"Civil UAVs Initiative","isPartOf":{"@id":"https:\/\/www.civiluavsinitiative.com\/#website"},"datePublished":"2020-11-30T11:18:33+00:00","dateModified":"2023-01-02T08:35:27+00:00","description":"Civil UAVs Initiative, favorece y fomenta el emprendimiento innovador, con el fin de atraer y retener en Galicia talento en el sector aeroespacial.","breadcrumb":{"@id":"https:\/\/www.civiluavsinitiative.com\/en\/#breadcrumb"},"inLanguage":"en-US","potentialAction":[{"@type":"ReadAction","target":["https:\/\/www.civiluavsinitiative.com\/en\/"]}]},{"@type":"BreadcrumbList","@id":"https:\/\/www.civiluavsinitiative.com\/en\/#breadcrumb","itemListElement":[{"@type":"ListItem","position":1,"name":"Home","item":"https:\/\/www.civiluavsinitiative.com\/en\/"},{"@type":"ListItem","position":2,"name":"Home"}]},{"@type":"WebSite","@id":"https:\/\/www.civiluavsinitiative.com\/#website","url":"https:\/\/www.civiluavsinitiative.com\/","name":"Civil UAVs Initiative","description":"Civil UAVs Initiative, favorece y fomenta el emprendimiento innovador, con el fin de atraer y retener en Galicia talento en el sector aeroespacial.","potentialAction":[{"@type":"SearchAction","target":{"@type":"EntryPoint","urlTemplate":"https:\/\/www.civiluavsinitiative.com\/?s={search_term_string}"},"query-input":"required name=search_term_string"}],"inLanguage":"en-US"}]}},"_links":{"self":[{"href":"https:\/\/www.civiluavsinitiative.com\/en\/wp-json\/wp\/v2\/pages\/35225"}],"collection":[{"href":"https:\/\/www.civiluavsinitiative.com\/en\/wp-json\/wp\/v2\/pages"}],"about":[{"href":"https:\/\/www.civiluavsinitiative.com\/en\/wp-json\/wp\/v2\/types\/page"}],"author":[{"embeddable":true,"href":"https:\/\/www.civiluavsinitiative.com\/en\/wp-json\/wp\/v2\/users\/3"}],"replies":[{"embeddable":true,"href":"https:\/\/www.civiluavsinitiative.com\/en\/wp-json\/wp\/v2\/comments?post=35225"}],"version-history":[{"count":6,"href":"https:\/\/www.civiluavsinitiative.com\/en\/wp-json\/wp\/v2\/pages\/35225\/revisions"}],"predecessor-version":[{"id":40694,"href":"https:\/\/www.civiluavsinitiative.com\/en\/wp-json\/wp\/v2\/pages\/35225\/revisions\/40694"}],"wp:attachment":[{"href":"https:\/\/www.civiluavsinitiative.com\/en\/wp-json\/wp\/v2\/media?parent=35225"}],"curies":[{"name":"wp","href":"https:\/\/api.w.org\/{rel}","templated":true}]}}